{"id":16,"date":"2012-01-01T12:51:17","date_gmt":"2012-01-01T12:51:17","guid":{"rendered":"http:\/\/superior-english.com\/?page_id=16"},"modified":"2022-10-18T08:37:47","modified_gmt":"2022-10-18T08:37:47","slug":"uebersetzer-englisch","status":"publish","type":"page","link":"https:\/\/superior-english.com\/en\/uebersetzer-englisch\/","title":{"rendered":"Translation &amp; Transcreation"},"content":{"rendered":"<p><span style=\"color: #000000;\"><strong>Words matter &#8211; let me&nbsp;help you find the<\/strong><\/span><span style=\"color: #dee600;\"> <span style=\"color: #cfac02;\"><strong>right ones<\/strong><\/span><\/span><\/p>\n\n\n\n<p class=\" translation-block\">Translating from German or Dutch to English isn't just a question of craft, it's a matter of feeling. You might even say it's an art form.<\/p>\n\n\n\n<p>Transcreation happens where the technical aspect of translation and the creative dimension of copywriting intersect. Transcreators adapt messages from one language and cultural framework to another while maintaining their original intent, style, tone, and context. Transcreators like me know what sells on the native end of our language pair. It\u2019s translation, but with sex appeal.<\/p>\n\n\n\n<p>Check out a sample of my work:<\/p>\n\n\n\n<blockquote><h3><figure><img data-recalc-dims=\"1\" loading=\"lazy\" decoding=\"async\" data-attachment-id=\"3892\" data-permalink=\"https:\/\/superior-english.com\/en\/screen-shot-2017-11-09-at-6-27-30-pm-2\/\" data-orig-file=\"https:\/\/i0.wp.com\/superior-english.com\/wp-content\/uploads\/2017\/11\/screen-shot-2017-11-09-at-6-27-30-pm.png?fit=1626%2C1248&amp;ssl=1\" data-orig-size=\"1626,1248\" data-comments-opened=\"0\" data-image-meta=\"{&quot;aperture&quot;:&quot;0&quot;,&quot;credit&quot;:&quot;&quot;,&quot;camera&quot;:&quot;&quot;,&quot;caption&quot;:&quot;&quot;,&quot;created_timestamp&quot;:&quot;0&quot;,&quot;copyright&quot;:&quot;&quot;,&quot;focal_length&quot;:&quot;0&quot;,&quot;iso&quot;:&quot;0&quot;,&quot;shutter_speed&quot;:&quot;0&quot;,&quot;title&quot;:&quot;&quot;,&quot;orientation&quot;:&quot;0&quot;}\" data-image-title=\"Screen Shot 2017-11-09 at 6.27.30 PM\" data-image-description=\"\" data-image-caption=\"\" data-large-file=\"https:\/\/i0.wp.com\/superior-english.com\/wp-content\/uploads\/2017\/11\/screen-shot-2017-11-09-at-6-27-30-pm.png?fit=712%2C546&amp;ssl=1\" class=\"alignnone size-full wp-image-3892\" src=\"https:\/\/i0.wp.com\/superior-english.com\/wp-content\/uploads\/2017\/11\/screen-shot-2017-11-09-at-6-27-30-pm.png?resize=712%2C546&#038;ssl=1\" alt=\"Screen Shot 2017-11-09 at 6.27.30 PM\" width=\"712\" height=\"546\"><\/figure><\/h3><h3><figure><img data-recalc-dims=\"1\" loading=\"lazy\" decoding=\"async\" data-attachment-id=\"3895\" data-permalink=\"https:\/\/superior-english.com\/en\/uebersetzer-englisch\/screen-shot-2017-11-10-at-1-33-28-pm\/\" data-orig-file=\"https:\/\/i0.wp.com\/superior-english.com\/wp-content\/uploads\/2012\/01\/screen-shot-2017-11-10-at-1-33-28-pm.png?fit=1748%2C1026&amp;ssl=1\" data-orig-size=\"1748,1026\" data-comments-opened=\"0\" data-image-meta=\"{&quot;aperture&quot;:&quot;0&quot;,&quot;credit&quot;:&quot;&quot;,&quot;camera&quot;:&quot;&quot;,&quot;caption&quot;:&quot;&quot;,&quot;created_timestamp&quot;:&quot;0&quot;,&quot;copyright&quot;:&quot;&quot;,&quot;focal_length&quot;:&quot;0&quot;,&quot;iso&quot;:&quot;0&quot;,&quot;shutter_speed&quot;:&quot;0&quot;,&quot;title&quot;:&quot;&quot;,&quot;orientation&quot;:&quot;0&quot;}\" data-image-title=\"Screen Shot 2017-11-10 at 1.33.28 PM\" data-image-description=\"\" data-image-caption=\"\" data-large-file=\"https:\/\/i0.wp.com\/superior-english.com\/wp-content\/uploads\/2012\/01\/screen-shot-2017-11-10-at-1-33-28-pm.png?fit=712%2C418&amp;ssl=1\" class=\"alignnone size-full wp-image-3895\" src=\"https:\/\/i0.wp.com\/superior-english.com\/wp-content\/uploads\/2012\/01\/screen-shot-2017-11-10-at-1-33-28-pm.png?resize=712%2C418&#038;ssl=1\" alt=\"Screen Shot 2017-11-10 at 1.33.28 PM\" width=\"712\" height=\"418\"><\/figure><\/h3><\/blockquote>\n\n\n\n<h3 class=\"wp-block-heading\"><strong>\u00dcBERSETZUNGEN &amp; TRANSCREATION<\/strong><\/h3>\n\n\n\n<p><strong>Mit der<span style=\"color: #ff6600;\"><span style=\"color: #cfac02;\"> universellen Anziehungskraft<\/span> <\/span>der englischen Sprache punkten.<\/strong><\/p>\n\n\n\n<p>Wer seine Markenidentit\u00e4t in die weite Welt hinaustragen m\u00f6chte, braucht Werbebotschaften, die \u00fcberzeugen. Aber Aussagen, die im deutschsprachigen Raum genial bei Ihrer Zielgruppe ankommen, werden nicht \u00fcberall in der Welt Resonanz finden. Zum Gl\u00fcck gibt es ja eine Sprache, die so ziemlich \u00fcberall auf der Welt Aussagekraft besitzt: Meine Muttersprache.<\/p>\n\n\n\n<p>Transcreation is a creative practice that combines the technical dimension of translation with the creativity copywriting to develop expressive, natural and attractive messages in a given target language. If you need to fine tune your marketing in English, I'm your guy.<\/p>\n\n\n\n<p>As an experienced transcreationist, I work closely with management, the marketing and media production team to create compelling, globally focused advertising content with cross-cultural appeal. Transcreation is the process of adapting creative marketing and advertising copy for a different language area or culture by delivering the original intention of the source text in the target language as if the original version had already been written in the target language. Instead of a 1-to-1 translation that falls flat in English, I render core content with the impact and resonance that convincingly conveys your brand's language in the appropriate tone in English. Together we'll generate the emotional reactions that drive purchasing decisions for your target audience.<\/p>\n\n\n\n<p><strong>PRICING<\/strong><\/p>\n\n\n\n<p class=\" translation-block\">My fees for all translation work (e.g., German - English, Dutch - English) are based on the volume and degree of difficulty of the source text. My base rate for translations of a standard text is \u20ac1.60 per line (55 keystrokes incl. spaces) plus 19% VAT.<\/p>\n\n\n\n<p class=\" translation-block\">Gibberish? No problem: For a quote tailored to your translation order, just contact me at mail@superior-english.com. For express translations or transcreations with same-day delivery, additional fees apply.<\/p>\n\n\n\n<p><strong>IF YOU NEED MORE THAN ENGLISH: TRANSLATION MANAGEMENT&nbsp;<\/strong><\/p>\n\n\n\n<p class=\" translation-block\">Do you need a translator for other languages? For rarer languages such as Dari, Turkish, Urdu, Japanese or Korean, I work with experienced translators from all over the world who'll handle your particular project with the same kind of care I would. You place the order, I'll take care of the rest.<\/p>\n\n\n\n<p class=\" translation-block\">The same goes for European language pairs: French, Italian, Spanish, Polish, Swedish, Danish, etc... we'll get the job done.<\/p>\n\n\n\n<p>Send your files (or the total character count including spaces) to mail@superior-english.com and I'll send you a quote.<\/p>","protected":false},"excerpt":{"rendered":"<p>Words matter &#8211; let me&nbsp;help you find the right ones Bei der \u00dcbersetzung ins Englische geht es nicht nur um Handwerk, sondern auch um Sprachgef\u00fchl. Als Native Speaker&nbsp;helfe ich&nbsp;dir, die richtigen Worte in meiner Muttersprache zu finden, die deine Botschaft markengerecht,&nbsp;mitrei\u00dfend und nat\u00fcrlich \u00fcberzeugend an deine Zielgruppe transportiert. Check out a sample of my work: &hellip; <a href=\"https:\/\/superior-english.com\/en\/uebersetzer-englisch\/\" class=\"more-link\">Continue reading <span class=\"screen-reader-text\">Translation &amp; Transcreation<\/span><\/a><\/p>","protected":false},"author":1,"featured_media":5328,"parent":0,"menu_order":3,"comment_status":"closed","ping_status":"closed","template":"","meta":{"om_disable_all_campaigns":false,"_monsterinsights_skip_tracking":false,"_monsterinsights_sitenote_active":false,"_monsterinsights_sitenote_note":"","_monsterinsights_sitenote_category":0,"footnotes":""},"tags":[35890],"class_list":["post-16","page","type-page","status-publish","has-post-thumbnail","hentry","tag-featured"],"aioseo_notices":[],"jetpack_sharing_enabled":true,"jetpack_shortlink":"https:\/\/wp.me\/P1L3QY-g","jetpack_likes_enabled":true,"_links":{"self":[{"href":"https:\/\/superior-english.com\/en\/wp-json\/wp\/v2\/pages\/16","targetHints":{"allow":["GET"]}}],"collection":[{"href":"https:\/\/superior-english.com\/en\/wp-json\/wp\/v2\/pages"}],"about":[{"href":"https:\/\/superior-english.com\/en\/wp-json\/wp\/v2\/types\/page"}],"author":[{"embeddable":true,"href":"https:\/\/superior-english.com\/en\/wp-json\/wp\/v2\/users\/1"}],"replies":[{"embeddable":true,"href":"https:\/\/superior-english.com\/en\/wp-json\/wp\/v2\/comments?post=16"}],"version-history":[{"count":38,"href":"https:\/\/superior-english.com\/en\/wp-json\/wp\/v2\/pages\/16\/revisions"}],"predecessor-version":[{"id":4966,"href":"https:\/\/superior-english.com\/en\/wp-json\/wp\/v2\/pages\/16\/revisions\/4966"}],"wp:featuredmedia":[{"embeddable":true,"href":"https:\/\/superior-english.com\/en\/wp-json\/wp\/v2\/media\/5328"}],"wp:attachment":[{"href":"https:\/\/superior-english.com\/en\/wp-json\/wp\/v2\/media?parent=16"}],"wp:term":[{"taxonomy":"post_tag","embeddable":true,"href":"https:\/\/superior-english.com\/en\/wp-json\/wp\/v2\/tags?post=16"}],"curies":[{"name":"wp","href":"https:\/\/api.w.org\/{rel}","templated":true}]}}