{"id":1903,"date":"2016-12-01T10:51:25","date_gmt":"2016-12-01T10:51:25","guid":{"rendered":"http:\/\/superior-english.com\/?page_id=1903"},"modified":"2026-04-08T14:23:53","modified_gmt":"2026-04-08T14:23:53","slug":"dolmetscher-deutsch-englisch","status":"publish","type":"page","link":"https:\/\/superior-english.com\/en\/dolmetscher-deutsch-englisch\/","title":{"rendered":"Business Dolmetscher Deutsch-Englisch in D\u00fcsseldorf und K\u00f6ln"},"content":{"rendered":"<h2 class=\"wp-block-heading\"><br>Deine Botschaften sind bei mir in besten H\u00e4nden<\/h2>\n\n\n\n<p>Ich bin erfahrener Anbieter f\u00fcr <span style=\"color: #c4a60e;\"><strong>Dolmetschdienstleistungen bei Business Veranstaltungen vor Ort<\/strong> (und online)<\/span>. Wo sprachliche und kulturelle Barrieren sind und viel Druck herrscht, wird es brennselig. Gerade wenn es allerseits auf gute Ergebnisse ankommt. Deswegen stellt ein Dolmetscher wie ich den Informationsfluss sicher: selbst wenn die Emotionen aller Beteiligten hochkochen. Die Anwesenheit eines Dolmetschers gew\u00e4hrt klare Kommunikation und kann die Situation moderieren. <\/p>\n\n\n<div class=\"wp-block-image\">\n<figure class=\"alignright size-full is-resized\"><a href=\"https:\/\/i0.wp.com\/superior-english.com\/wp-content\/uploads\/2016\/12\/tvc-photo.png?ssl=1\"><img data-recalc-dims=\"1\" loading=\"lazy\" decoding=\"async\" width=\"712\" height=\"712\" data-attachment-id=\"1905\" data-permalink=\"https:\/\/superior-english.com\/en\/dolmetscher-deutsch-englisch\/tvc-photo\/\" data-orig-file=\"https:\/\/i0.wp.com\/superior-english.com\/wp-content\/uploads\/2016\/12\/tvc-photo.png?fit=800%2C800&amp;ssl=1\" data-orig-size=\"800,800\" data-comments-opened=\"0\" data-image-meta=\"{&quot;aperture&quot;:&quot;0&quot;,&quot;credit&quot;:&quot;&quot;,&quot;camera&quot;:&quot;&quot;,&quot;caption&quot;:&quot;&quot;,&quot;created_timestamp&quot;:&quot;0&quot;,&quot;copyright&quot;:&quot;&quot;,&quot;focal_length&quot;:&quot;0&quot;,&quot;iso&quot;:&quot;0&quot;,&quot;shutter_speed&quot;:&quot;0&quot;,&quot;title&quot;:&quot;&quot;,&quot;orientation&quot;:&quot;0&quot;}\" data-image-title=\"tvc-photo\" data-image-description=\"\" data-image-caption=\"\" data-large-file=\"https:\/\/i0.wp.com\/superior-english.com\/wp-content\/uploads\/2016\/12\/tvc-photo.png?fit=712%2C712&amp;ssl=1\" src=\"https:\/\/i0.wp.com\/superior-english.com\/wp-content\/uploads\/2016\/12\/tvc-photo.png?resize=712%2C712&#038;ssl=1\" alt=\"\" class=\"wp-image-1905\" style=\"width:350px\"\/><\/a><\/figure>\n<\/div>\n\n\n<p>Bei Dreharbeiten mit einem internationalen Production Teams oder Marktforschung im deutschsprachigen Raum f\u00fcr multinationale Konzerne sind der Ton und die Nat\u00fcrlichkeit unter dem Strich ausschlaggebend. Deswegen arbeite ich seit vielen Jahren mit kreativen K\u00f6pfen in diesen Bereichen zusammen. Auch bei Reden von prominenten Politikern oder bei schwierigen Verhandlungen bringe ich die <strong>n\u00f6tige Ruhe und Feingef\u00fchl <\/strong>mit. Alle wollen und m\u00fcssen verstanden werden. Darauf kommt es an. <\/p>\n\n\n\n<p>Ich begreife und lebe meine Rolle als Dolmetscher in dieser T\u00e4tigkeit. Ich bin ein Medium f\u00fcr dich, deine Marke oder dein Team. Ganz gleich ob ich mit am Verhandlungstisch sitze oder in der Kabine bin. Und ich bin auch selbstverst\u00e4ndlich bei Bedarf mit <strong>\u00e4u\u00dferster Diskretion<\/strong> <strong>unter strengen Geheimhaltung <\/strong>im Einsatz. Spreche mich gerne darauf an. Bei Bedarf f\u00fchren wir ein l\u00e4ngeres Vorgespr\u00e4ch. So stellen wir sicher, dass ich gut eingeweiht bin (zu deinen Zielen, m\u00f6glichen Inhalte, etc.) und mich bestens auf den Auftrag vorbereiten kann.  <\/p>\n\n\n\n<p>Neben schwierigen gesch\u00e4ftlichen Anl\u00e4ssen bin ebenso verf\u00fcgbar und erfahren f\u00fcr festliche, private Angelegenheiten wie <a data-type=\"page\" data-id=\"5757\" href=\"https:\/\/superior-english.com\/interpreting-for-international-marriages\/\">interkulturelle Hochzeiten <\/a>und bei Eins\u00e4tzen vor Beh\u00f6rden wie dem Standesamt, etc. <\/p>\n\n\n\n<h1 class=\"wp-block-heading\">Dolmetschen f\u00fcr alle Anl\u00e4sse: Damit deine Sache auf Deutsch und Englisch rund wird. <\/h1>\n\n\n\n<p>Ich bringe die Erfahrung als \u00dcbersetzer und Dolmetscher mit, die den reibungslosen Ablauf deiner Veranstaltung sicherstellt in Puncto Verstehen und verstanden werden.<\/p>\n\n\n<div class=\"wp-block-image is-style-rounded\">\n<figure class=\"alignleft size-full is-resized\"><a href=\"https:\/\/i0.wp.com\/superior-english.com\/wp-content\/uploads\/2023\/10\/IMG_8449-removebg-preview.png?ssl=1\"><img data-recalc-dims=\"1\" loading=\"lazy\" decoding=\"async\" width=\"433\" height=\"577\" data-attachment-id=\"5729\" data-permalink=\"https:\/\/superior-english.com\/en\/englisch-dolmetscher\/img_8449-removebg-preview\/\" data-orig-file=\"https:\/\/i0.wp.com\/superior-english.com\/wp-content\/uploads\/2023\/10\/IMG_8449-removebg-preview.png?fit=433%2C577&amp;ssl=1\" data-orig-size=\"433,577\" data-comments-opened=\"0\" data-image-meta=\"{&quot;aperture&quot;:&quot;0&quot;,&quot;credit&quot;:&quot;&quot;,&quot;camera&quot;:&quot;&quot;,&quot;caption&quot;:&quot;&quot;,&quot;created_timestamp&quot;:&quot;0&quot;,&quot;copyright&quot;:&quot;&quot;,&quot;focal_length&quot;:&quot;0&quot;,&quot;iso&quot;:&quot;0&quot;,&quot;shutter_speed&quot;:&quot;0&quot;,&quot;title&quot;:&quot;&quot;,&quot;orientation&quot;:&quot;0&quot;}\" data-image-title=\"IMG_8449-removebg-preview\" data-image-description=\"\" data-image-caption=\"\" data-large-file=\"https:\/\/i0.wp.com\/superior-english.com\/wp-content\/uploads\/2023\/10\/IMG_8449-removebg-preview.png?fit=433%2C577&amp;ssl=1\" src=\"https:\/\/i0.wp.com\/superior-english.com\/wp-content\/uploads\/2023\/10\/IMG_8449-removebg-preview.png?resize=433%2C577&#038;ssl=1\" alt=\"\" class=\"wp-image-5729\" style=\"width:250px\" srcset=\"https:\/\/i0.wp.com\/superior-english.com\/wp-content\/uploads\/2023\/10\/IMG_8449-removebg-preview.png?w=433&amp;ssl=1 433w, https:\/\/i0.wp.com\/superior-english.com\/wp-content\/uploads\/2023\/10\/IMG_8449-removebg-preview.png?resize=225%2C300&amp;ssl=1 225w, https:\/\/i0.wp.com\/superior-english.com\/wp-content\/uploads\/2023\/10\/IMG_8449-removebg-preview.png?resize=9%2C12&amp;ssl=1 9w\" sizes=\"auto, (max-width: 433px) 100vw, 433px\" \/><\/a><\/figure>\n<\/div>\n\n\n<p>Je nach Anlass unterst\u00fctze ich dich und dein Team mit Simultandolmetschen, Konsekutivdolmetschen oder Fl\u00fcsterdolmetschen. Die Feinheiten stimmen wir gemeinsam im Vorfeld ab. <\/p>\n\n\n\n<p><strong>Get your point across:<\/strong><\/p>\n\n\n<div class=\"wp-block-jetpack-contact-form\"><a href=\"https:\/\/superior-english.com\/en\/dolmetscher-deutsch-englisch\/\" target=\"_blank\" rel=\"noopener noreferrer\">Submit a form.<\/a><\/div>","protected":false},"excerpt":{"rendered":"<p>Deine Botschaften sind bei mir in besten H\u00e4nden Ich bin erfahrener Anbieter f\u00fcr Dolmetschdienstleistungen bei Business Veranstaltungen vor Ort (und online). Wo sprachliche und kulturelle Barrieren sind und viel Druck herrscht, wird es brennselig. Gerade wenn es allerseits auf gute Ergebnisse ankommt. Deswegen stellt ein Dolmetscher wie ich den Informationsfluss sicher: selbst wenn die Emotionen &hellip; <a href=\"https:\/\/superior-english.com\/en\/dolmetscher-deutsch-englisch\/\" class=\"more-link\">Continue reading <span class=\"screen-reader-text\">Business Dolmetscher Deutsch-Englisch in D\u00fcsseldorf und K\u00f6ln<\/span><\/a><\/p>","protected":false},"author":1,"featured_media":5749,"parent":0,"menu_order":0,"comment_status":"closed","ping_status":"closed","template":"","meta":{"om_disable_all_campaigns":false,"_monsterinsights_skip_tracking":false,"_monsterinsights_sitenote_active":false,"_monsterinsights_sitenote_note":"","_monsterinsights_sitenote_category":0,"footnotes":""},"tags":[35890,604969210,604969211,604969209],"class_list":["post-1903","page","type-page","status-publish","has-post-thumbnail","hentry","tag-featured","tag-fluesterdolmetscher-duesseldorf","tag-konsekutivdolmetscher-duesseldorf","tag-simultandolmetscher-duesseldorf"],"aioseo_notices":[],"jetpack_sharing_enabled":true,"jetpack_shortlink":"https:\/\/wp.me\/P1L3QY-uH","jetpack_likes_enabled":true,"_links":{"self":[{"href":"https:\/\/superior-english.com\/en\/wp-json\/wp\/v2\/pages\/1903","targetHints":{"allow":["GET"]}}],"collection":[{"href":"https:\/\/superior-english.com\/en\/wp-json\/wp\/v2\/pages"}],"about":[{"href":"https:\/\/superior-english.com\/en\/wp-json\/wp\/v2\/types\/page"}],"author":[{"embeddable":true,"href":"https:\/\/superior-english.com\/en\/wp-json\/wp\/v2\/users\/1"}],"replies":[{"embeddable":true,"href":"https:\/\/superior-english.com\/en\/wp-json\/wp\/v2\/comments?post=1903"}],"version-history":[{"count":49,"href":"https:\/\/superior-english.com\/en\/wp-json\/wp\/v2\/pages\/1903\/revisions"}],"predecessor-version":[{"id":8133,"href":"https:\/\/superior-english.com\/en\/wp-json\/wp\/v2\/pages\/1903\/revisions\/8133"}],"wp:featuredmedia":[{"embeddable":true,"href":"https:\/\/superior-english.com\/en\/wp-json\/wp\/v2\/media\/5749"}],"wp:attachment":[{"href":"https:\/\/superior-english.com\/en\/wp-json\/wp\/v2\/media?parent=1903"}],"wp:term":[{"taxonomy":"post_tag","embeddable":true,"href":"https:\/\/superior-english.com\/en\/wp-json\/wp\/v2\/tags?post=1903"}],"curies":[{"name":"wp","href":"https:\/\/api.w.org\/{rel}","templated":true}]}}