{"id":2334,"date":"2017-01-19T19:06:39","date_gmt":"2017-01-19T19:06:39","guid":{"rendered":"http:\/\/superior-english.com\/?page_id=2334"},"modified":"2026-04-16T06:23:45","modified_gmt":"2026-04-16T06:23:45","slug":"bewerbung-englisch-coach","status":"publish","type":"page","link":"https:\/\/superior-english.com\/en\/bewerbung-englisch-coach\/","title":{"rendered":"Selbstbewusstes Englisch im Bewerbungsgespr\u00e4ch: dein pers\u00f6nliches Coaching"},"content":{"rendered":"<h2 class=\"wp-block-heading\">Traumstelle gefunden?&nbsp;<span style=\"color: #bfa915;\">\u00c4ngste&nbsp;\u00fcberwunden<\/span>! Schritt f\u00fcr Schritt auf dem Weg zu neuen Erfolgen mit Coaching f\u00fcr dein Bewerbungsgespr\u00e4ch.<\/h2>\n\n\n<div class=\"wp-block-image\">\n<figure class=\"alignleft size-full is-resized\"><a href=\"https:\/\/i0.wp.com\/superior-english.com\/wp-content\/uploads\/2024\/06\/headshot-modified.png?ssl=1\"><img data-recalc-dims=\"1\" loading=\"lazy\" decoding=\"async\" width=\"712\" height=\"712\" data-attachment-id=\"6106\" data-permalink=\"https:\/\/superior-english.com\/en\/englischlehrer-duesseldorf\/headshot-modified\/\" data-orig-file=\"https:\/\/i0.wp.com\/superior-english.com\/wp-content\/uploads\/2024\/06\/headshot-modified.png?fit=1158%2C1158&amp;ssl=1\" data-orig-size=\"1158,1158\" data-comments-opened=\"0\" data-image-meta=\"{&quot;aperture&quot;:&quot;0&quot;,&quot;credit&quot;:&quot;&quot;,&quot;camera&quot;:&quot;&quot;,&quot;caption&quot;:&quot;&quot;,&quot;created_timestamp&quot;:&quot;0&quot;,&quot;copyright&quot;:&quot;&quot;,&quot;focal_length&quot;:&quot;0&quot;,&quot;iso&quot;:&quot;0&quot;,&quot;shutter_speed&quot;:&quot;0&quot;,&quot;title&quot;:&quot;&quot;,&quot;orientation&quot;:&quot;0&quot;}\" data-image-title=\"headshot-modified\" data-image-description=\"\" data-image-caption=\"\" data-large-file=\"https:\/\/i0.wp.com\/superior-english.com\/wp-content\/uploads\/2024\/06\/headshot-modified.png?fit=712%2C712&amp;ssl=1\" src=\"https:\/\/i0.wp.com\/superior-english.com\/wp-content\/uploads\/2024\/06\/headshot-modified.png?resize=712%2C712&#038;ssl=1\" alt=\"Foto eines Mannes auf einer Blumenwiese\" class=\"wp-image-6106\" style=\"width:200px;height:200px\" srcset=\"https:\/\/i0.wp.com\/superior-english.com\/wp-content\/uploads\/2024\/06\/headshot-modified.png?w=1158&amp;ssl=1 1158w, https:\/\/i0.wp.com\/superior-english.com\/wp-content\/uploads\/2024\/06\/headshot-modified.png?resize=300%2C300&amp;ssl=1 300w, https:\/\/i0.wp.com\/superior-english.com\/wp-content\/uploads\/2024\/06\/headshot-modified.png?resize=1024%2C1024&amp;ssl=1 1024w, https:\/\/i0.wp.com\/superior-english.com\/wp-content\/uploads\/2024\/06\/headshot-modified.png?resize=150%2C150&amp;ssl=1 150w, https:\/\/i0.wp.com\/superior-english.com\/wp-content\/uploads\/2024\/06\/headshot-modified.png?resize=768%2C768&amp;ssl=1 768w, https:\/\/i0.wp.com\/superior-english.com\/wp-content\/uploads\/2024\/06\/headshot-modified.png?resize=12%2C12&amp;ssl=1 12w, https:\/\/i0.wp.com\/superior-english.com\/wp-content\/uploads\/2024\/06\/headshot-modified.png?resize=1080%2C1080&amp;ssl=1 1080w, https:\/\/i0.wp.com\/superior-english.com\/wp-content\/uploads\/2024\/06\/headshot-modified.png?resize=75%2C75&amp;ssl=1 75w\" sizes=\"auto, (max-width: 712px) 100vw, 712px\" \/><\/a><\/figure>\n<\/div>\n\n\n<p>Wie geht&#8217;s dem Recruiter oder Personaler, der t\u00e4glich zig Bewerbungsunterlagen durchkauen muss? Es wird schnell  eint\u00f6nig. Darum ist es so wichtig, sofort ins Auge zu fallen. So machst du einen starken Eindruck, der punktet. Im Bewerbungscoaching lernst du, direkt und verst\u00e4ndlich zu transportieren, dass du der Richtige f\u00fcr den Job bist. Selbst wenn dein Englisch nicht perfekt ist, bleibe bei deinem Mehrwert.<\/p>\n\n\n\n<p>Wer sich als pers\u00f6nliche Marke versteht, verschafft sich klare Vorteile im Bewerbungsverfahren. Deswegen ermitteln wir im pers\u00f6nlichen Bewerbungscoaching gemeinsam, was deine Marke ist, wof\u00fcr du stehst, was deine Werte als Profi sind und noch viel mehr. So erz\u00e4hlst du eine klare, authentische Geschichte, um ohne Umwege einen Fu\u00df in der T\u00fcr zu haben.<\/p>\n\n\n\n<h2 class=\"wp-block-heading\">BEWERBUNGSGESPR\u00c4CHE AUF ENGLISCH<\/h2>\n\n\n\n<h2 class=\"wp-block-heading\">Coach for English and international job interviews <\/h2>\n\n\n\n<p>Dass dein\u00a0<a href=\"https:\/\/www.zeit.de\/karriere\/bewerbung\/2010-01\/bewerbungsgespraech-englisch\" title=\"\">Bewerbungsgespr\u00e4ch auf Englisch<\/a> gef\u00fchrt wird, ist kein Grund,\u00a0kalte F\u00fc\u00dfe zu kriegen &#8211; auch wenn das ganz nat\u00fcrlich ist. Darum bauen wir deine \u00c4ngste in intensiven Gespr\u00e4chen in den Tagen vor\u00a0deinem\u00a0gro\u00dfen Auftritt ab. Auch wenn die wenigsten ein perfektes Englisch verlangen, ist ein selbstbewusstes Auftreten im Englischen von klarem Vorteil.\u00a0Deswegen ist das das Ziel unserer Coachingarbeit. Daher wird unser Fokus nicht darauf liegen, ob du dir das Wort &#8222;apprenticeship&#8220; merken kannst, sondern auf dein Selbstbewusstsein und die Inhalte, auf die es ankommt.\u00a0<\/p>\n\n\n\n<p>Mein Ziel im Bewerbungscoaching ist es viel mehr, dass du zu einem deutlich vertieften Verst\u00e4ndnis davon gelangst, <strong>wer du als Profi\u2014als Marke\u2014bist.<\/strong> Warum willst du diesen Job? Warum passt er zu dir? Was begeistert dich am potenziellen Arbeitgeber? Du brauchst klare, authentische Antworten, die zu dir passen. Deswegen konzentrieren wir uns auf das Wesentliche. Dabei bauen wir deine Hemmung vor dem freien Sprechen auf Englisch ab. Das Coaching sorgt daf\u00fcr, dass du dich wirkungsvoll und m\u00f6glichst angstfrei im Interview vorstellen kannst.<\/p>\n\n\n\n<p>Tipps von mir als Coach f\u00fcr dein Bewerbungsgespr\u00e4ch findest du <a href=\"https:\/\/superior-english.com\/2025\/07\/24\/11-tipps-fuer-dein-vorstellungsgespraech-auf-englisch\/\" title=\"11 Tipps f\u00fcr dein Vorstellungsgespr\u00e4ch auf Englisch\">hier<\/a>. Und es gibt viele andere <a href=\"https:\/\/www.ibb.com\/blog\/bewerbung-auf-englisch-tipps-fuer-die-unterlagen-und-das-gespraech\/\" title=\"\">Meinungen dazu im Netz<\/a>. <\/p>\n\n\n\n<p><a href=\"http:\/\/superior-english.com\/impressum\/\">Let&#8217;s get started.<\/a><\/p>\n\n\n<div class=\"wp-block-jetpack-contact-form\"><a href=\"https:\/\/superior-english.com\/en\/bewerbung-englisch-coach\/\" target=\"_blank\" rel=\"noopener noreferrer\">Submit a form.<\/a><\/div>","protected":false},"excerpt":{"rendered":"<p>Traumstelle gefunden?&nbsp;\u00c4ngste&nbsp;\u00fcberwunden! Schritt f\u00fcr Schritt auf dem Weg zu neuen Erfolgen mit Coaching f\u00fcr dein Bewerbungsgespr\u00e4ch. Wie geht&#8217;s dem Recruiter oder Personaler, der t\u00e4glich zig Bewerbungsunterlagen durchkauen muss? Es wird schnell eint\u00f6nig. Darum ist es so wichtig, sofort ins Auge zu fallen. So machst du einen starken Eindruck, der punktet. Im Bewerbungscoaching lernst du, direkt &hellip; <a href=\"https:\/\/superior-english.com\/en\/bewerbung-englisch-coach\/\" class=\"more-link\">Continue reading <span class=\"screen-reader-text\">Selbstbewusstes Englisch im Bewerbungsgespr\u00e4ch: dein pers\u00f6nliches Coaching<\/span><\/a><\/p>","protected":false},"author":1,"featured_media":4381,"parent":0,"menu_order":0,"comment_status":"closed","ping_status":"closed","template":"","meta":{"om_disable_all_campaigns":false,"_monsterinsights_skip_tracking":false,"_monsterinsights_sitenote_active":false,"_monsterinsights_sitenote_note":"","_monsterinsights_sitenote_category":0,"footnotes":""},"tags":[604969246,604969248,604969233,604969193,604969249,604969232,604969247],"class_list":["post-2334","page","type-page","status-publish","has-post-thumbnail","hentry","tag-bewerbung-auf-englisch","tag-bewerbungsgespraech-englisch","tag-business-englisch-coach","tag-business-english","tag-coach-fuer-bewerbungsgespraech","tag-digitaler-englischunterricht","tag-interview-auf-englisch"],"aioseo_notices":[],"jetpack_sharing_enabled":true,"jetpack_shortlink":"https:\/\/wp.me\/P1L3QY-BE","jetpack_likes_enabled":true,"_links":{"self":[{"href":"https:\/\/superior-english.com\/en\/wp-json\/wp\/v2\/pages\/2334","targetHints":{"allow":["GET"]}}],"collection":[{"href":"https:\/\/superior-english.com\/en\/wp-json\/wp\/v2\/pages"}],"about":[{"href":"https:\/\/superior-english.com\/en\/wp-json\/wp\/v2\/types\/page"}],"author":[{"embeddable":true,"href":"https:\/\/superior-english.com\/en\/wp-json\/wp\/v2\/users\/1"}],"replies":[{"embeddable":true,"href":"https:\/\/superior-english.com\/en\/wp-json\/wp\/v2\/comments?post=2334"}],"version-history":[{"count":53,"href":"https:\/\/superior-english.com\/en\/wp-json\/wp\/v2\/pages\/2334\/revisions"}],"predecessor-version":[{"id":8174,"href":"https:\/\/superior-english.com\/en\/wp-json\/wp\/v2\/pages\/2334\/revisions\/8174"}],"wp:featuredmedia":[{"embeddable":true,"href":"https:\/\/superior-english.com\/en\/wp-json\/wp\/v2\/media\/4381"}],"wp:attachment":[{"href":"https:\/\/superior-english.com\/en\/wp-json\/wp\/v2\/media?parent=2334"}],"wp:term":[{"taxonomy":"post_tag","embeddable":true,"href":"https:\/\/superior-english.com\/en\/wp-json\/wp\/v2\/tags?post=2334"}],"curies":[{"name":"wp","href":"https:\/\/api.w.org\/{rel}","templated":true}]}}