{"id":2420,"date":"2017-02-10T09:36:46","date_gmt":"2017-02-10T09:36:46","guid":{"rendered":"http:\/\/superior-english.com\/?page_id=2420"},"modified":"2022-10-14T12:44:04","modified_gmt":"2022-10-14T12:44:04","slug":"englischkurs-duesseldorf-business-englisch","status":"publish","type":"page","link":"https:\/\/superior-english.com\/en\/englischkurs-duesseldorf-business-englisch\/","title":{"rendered":"Gruppenkurse"},"content":{"rendered":"<h2>Calling all yankophiles:<\/h2>\n<p>Erf\u00fcllen die Kurse beim VHS oder anderen gro\u00dfen Anbietern deinen hohen Anspr\u00fcchen nicht? Zu wenig Aufmerksamkeit, p\u00e4dagogische Begeisterung und Sprachpraxis?<\/p>\n<p>Finden wir eine bessere L\u00f6sung? <strong>Yes we can!<\/strong><\/p>\n<p>F\u00fcr anspruchsvolle Privatpersonen gibt es mit Superior English nicht nur den exklusiven Einzelunterricht, sondern auch Pl\u00e4tze in Gruppen- und 2er-Kursen. Gemeinsam mit nicht mehr als vier anderen sprachbegeisterten Teilnehmer*innen, die deinen ungef\u00e4hren Kenntnisstand teilen, frischen wir deine Skills auf.<\/p>\n<p>Mache mit Kollegen oder Bekannten eine Gruppe auf oder nehme den Einstufungstest, um dich auf eine Warteliste setzten zu lassen.<\/p>\n<p>Shoot me a quick email and we&#8217;ll explore your options:<strong> mail@superior-english.com<\/strong><\/p>\n<hr>\n<h2><strong>2er-Kurse<\/strong><\/h2>\n<p><strong><em>Just the two of us&nbsp;(plus the teacher).&nbsp;<\/em><\/strong><\/p>\n<p>55,00\u20ac zzgl. USt. p.P. pro Sitzung*<\/p>\n<hr>\n<h2><strong>Gruppenkurse <\/strong><\/h2>\n<p><strong><em>The more the merrier.&nbsp;<\/em><\/strong><\/p>\n<p>27,50\u20ac zzgl. USt. p.P. pro Sitzung*<\/p>\n<p>*ausschlie\u00dflich&nbsp;als Unterrichtskontingent buchbar (z.B. 10, 15 oder 20&nbsp;Sitzungen in Folge), Vorauszahlung erforderlich.<\/p>","protected":false},"excerpt":{"rendered":"<p>Calling all yankophiles: Erf\u00fcllen die Kurse beim VHS oder anderen gro\u00dfen Anbietern deinen hohen Anspr\u00fcchen nicht? Zu wenig Aufmerksamkeit, p\u00e4dagogische Begeisterung und Sprachpraxis? Finden wir eine bessere L\u00f6sung? Yes we can! F\u00fcr anspruchsvolle Privatpersonen gibt es mit Superior English nicht nur den exklusiven Einzelunterricht, sondern auch Pl\u00e4tze in Gruppen- und 2er-Kursen. Gemeinsam mit nicht mehr &hellip; <a href=\"https:\/\/superior-english.com\/en\/englischkurs-duesseldorf-business-englisch\/\" class=\"more-link\">Continue reading <span class=\"screen-reader-text\">Gruppenkurse<\/span><\/a><\/p>","protected":false},"author":1,"featured_media":2453,"parent":0,"menu_order":0,"comment_status":"closed","ping_status":"closed","template":"","meta":{"advanced_seo_description":"Englischunterricht: private Gruppenkurse mit dem native Profi-Trainer Nummer eins in D\u00fcsseldorf, Neuss und Umgebung. ","jetpack_seo_html_title":"","jetpack_seo_noindex":false,"jetpack_post_was_ever_published":false,"footnotes":""},"tags":[604969233,604969240,604969241,604969239,604969238,604969234,604969231,604969237,604969236],"class_list":["post-2420","page","type-page","status-publish","has-post-thumbnail","hentry","tag-business-englisch-coach","tag-business-englisch-lernen","tag-business-english-coach","tag-englisch-auffrischen","tag-englischlernen-duesseldorf","tag-englischlernen-koeln","tag-englischlernen-online","tag-firmenkurse-englisch","tag-gruppenkurse-englisch"],"jetpack_sharing_enabled":true,"jetpack_shortlink":"https:\/\/wp.me\/P1L3QY-D2","jetpack_likes_enabled":true,"_links":{"self":[{"href":"https:\/\/superior-english.com\/en\/wp-json\/wp\/v2\/pages\/2420","targetHints":{"allow":["GET"]}}],"collection":[{"href":"https:\/\/superior-english.com\/en\/wp-json\/wp\/v2\/pages"}],"about":[{"href":"https:\/\/superior-english.com\/en\/wp-json\/wp\/v2\/types\/page"}],"author":[{"embeddable":true,"href":"https:\/\/superior-english.com\/en\/wp-json\/wp\/v2\/users\/1"}],"replies":[{"embeddable":true,"href":"https:\/\/superior-english.com\/en\/wp-json\/wp\/v2\/comments?post=2420"}],"version-history":[{"count":27,"href":"https:\/\/superior-english.com\/en\/wp-json\/wp\/v2\/pages\/2420\/revisions"}],"predecessor-version":[{"id":5302,"href":"https:\/\/superior-english.com\/en\/wp-json\/wp\/v2\/pages\/2420\/revisions\/5302"}],"wp:featuredmedia":[{"embeddable":true,"href":"https:\/\/superior-english.com\/en\/wp-json\/wp\/v2\/media\/2453"}],"wp:attachment":[{"href":"https:\/\/superior-english.com\/en\/wp-json\/wp\/v2\/media?parent=2420"}],"wp:term":[{"taxonomy":"post_tag","embeddable":true,"href":"https:\/\/superior-english.com\/en\/wp-json\/wp\/v2\/tags?post=2420"}],"curies":[{"name":"wp","href":"https:\/\/api.w.org\/{rel}","templated":true}]}}