{"id":4418,"date":"2020-01-24T17:29:21","date_gmt":"2020-01-24T17:29:21","guid":{"rendered":"https:\/\/superior-english.com\/?page_id=4418"},"modified":"2023-11-02T17:06:02","modified_gmt":"2023-11-02T17:06:02","slug":"german-for-international-professionals-expats","status":"publish","type":"page","link":"https:\/\/superior-english.com\/en\/german-for-international-professionals-expats\/","title":{"rendered":"Deutschunterricht f\u00fcr Expats"},"content":{"rendered":"<blockquote class=\"wp-block-quote has-text-align-right is-layout-flow wp-block-quote-is-layout-flow\">\n<p class=\"has-text-align-left\"><em>\u201cThe most important thing to me is that Jesse knows me. He understands me as a learner and quickly worked out the most effective way to meet my needs. He recognizes that I learn through comedy to a degree. To put it simply, he\u2019s better than the first teacher I had by a country mile. She was all theory. Jesse is real. He\u2019s devised and designed a progression of materials to suit my needs and delivers that material in a way that I can connect with and absorb it. I trust Jesse. He\u2019s patient. I showed up in Germany for this assignment knowing how to count to ten &#8211; it was so daunting. He\u2019s given me the confidence to get out and about, talk to people in restaurants and supermarkets. That\u2019s been one of the most important points for me: confidence, inspiration, and progress. He\u2019s inspired me to learn a language that I thought was too difficult. And as an expat himself, he knows what it takes, because he\u2019s walked the same path. That inspires me: <a href=\"https:\/\/superior-english.com\/englischkurse-fuer-firmen-duesseldorf\/\" data-type=\"page\" data-id=\"63\">if he can do it<\/a>, I can do it.\u201d<\/em><\/p>\n<cite>Kevin Frazer, COO (Interim), National Express Rail GmbH<\/cite><\/blockquote>\n\n\n\n<h2 class=\"wp-block-heading\">Willkommen in Deutschland!<\/h2>\n\n\n\n<p>Der Umzug in ein neues Land aus beruflichen Gr\u00fcnden kann \u2013 neben der positiven Aufregung \u2013 auch mit viel Stress und Unsicherheit verbunden sein.&nbsp;<em>In Deutschland<\/em>&nbsp;<em>ankommen<\/em> ist ein <a href=\"https:\/\/superior-english.com\/honorar\/\" data-type=\"page\" data-id=\"14\">Kursangebot<\/a>, das konkrete und n\u00fctzliche Informationen, Tipps und Strategien vermittelt, die Expats dabei helfen, sich in Deutschland zurechtzufinden. Gemeinsam gehen wir auf die auf die kulturellen Unterschiede im Arbeitsumfeld und Alltag ein. <em>In Deutschland ankommen<\/em>: Weil zufriedene Mitarbeitenden zum Erfolg des Unternehmens einen entscheidenden Beitrag leisten.<\/p>\n\n\n\n<h2 class=\"wp-block-heading\">Begleitung f\u00fcr Familie &amp; Lebenspartner<\/h2>\n\n\n\n<p>Oft begleitet die Familie den Expat w\u00e4hrend eines Auslandseinsatzes. Ehepartner und Kinder sind dabei gezwungen, sich schnell an eine fremde Umgebung anzupassen, was eine gro\u00dfe Belastung darstellen kann. Die Unterst\u00fctzung der Familie eines entsandten Mitarbeitenden ist ein wesentlicher Faktor, der zum Erfolg der Entsendung beitr\u00e4gt. Ein ausgeglichenes Familienverh\u00e4ltnis sorgt f\u00fcr zufriedene, ausgeglichene und somit produktiven Mitarbeitenden. Dieses <a href=\"https:\/\/superior-english.com\/honorar\/\" data-type=\"page\" data-id=\"14\">Einzelcoaching<\/a> gibt den Ehepartnern von Expats Einblicke und Tipps, die ihnen dabei helfen, in Deutschland anzukommen.<\/p>\n\n\n\n<h2 class=\"wp-block-heading\">Learn German in D\u00fcsseldorf<\/h2>\n\n\n\n<p>In Germany for the next few years? Aber sprechen Sie Deutsch? <\/p>\n\n\n<div class=\"wp-block-image is-style-rounded\">\n<figure class=\"alignleft size-thumbnail\"><a href=\"https:\/\/i0.wp.com\/superior-english.com\/wp-content\/uploads\/2023\/10\/IMG_8449-removebg-preview.png?ssl=1\"><img data-recalc-dims=\"1\" loading=\"lazy\" decoding=\"async\" width=\"150\" height=\"150\" data-attachment-id=\"5729\" data-permalink=\"https:\/\/superior-english.com\/en\/englisch-dolmetscher\/img_8449-removebg-preview\/\" data-orig-file=\"https:\/\/i0.wp.com\/superior-english.com\/wp-content\/uploads\/2023\/10\/IMG_8449-removebg-preview.png?fit=433%2C577&amp;ssl=1\" data-orig-size=\"433,577\" data-comments-opened=\"0\" data-image-meta=\"{&quot;aperture&quot;:&quot;0&quot;,&quot;credit&quot;:&quot;&quot;,&quot;camera&quot;:&quot;&quot;,&quot;caption&quot;:&quot;&quot;,&quot;created_timestamp&quot;:&quot;0&quot;,&quot;copyright&quot;:&quot;&quot;,&quot;focal_length&quot;:&quot;0&quot;,&quot;iso&quot;:&quot;0&quot;,&quot;shutter_speed&quot;:&quot;0&quot;,&quot;title&quot;:&quot;&quot;,&quot;orientation&quot;:&quot;0&quot;}\" data-image-title=\"IMG_8449-removebg-preview\" data-image-description=\"\" data-image-caption=\"\" data-medium-file=\"https:\/\/i0.wp.com\/superior-english.com\/wp-content\/uploads\/2023\/10\/IMG_8449-removebg-preview.png?fit=225%2C300&amp;ssl=1\" data-large-file=\"https:\/\/i0.wp.com\/superior-english.com\/wp-content\/uploads\/2023\/10\/IMG_8449-removebg-preview.png?fit=433%2C577&amp;ssl=1\" src=\"https:\/\/i0.wp.com\/superior-english.com\/wp-content\/uploads\/2023\/10\/IMG_8449-removebg-preview-150x150.png?resize=150%2C150&#038;ssl=1\" alt=\"\" class=\"wp-image-5729\" srcset=\"https:\/\/i0.wp.com\/superior-english.com\/wp-content\/uploads\/2023\/10\/IMG_8449-removebg-preview.png?resize=150%2C150&amp;ssl=1 150w, https:\/\/i0.wp.com\/superior-english.com\/wp-content\/uploads\/2023\/10\/IMG_8449-removebg-preview.png?resize=75%2C75&amp;ssl=1 75w, https:\/\/i0.wp.com\/superior-english.com\/wp-content\/uploads\/2023\/10\/IMG_8449-removebg-preview.png?zoom=2&amp;resize=150%2C150&amp;ssl=1 300w\" sizes=\"auto, (max-width: 150px) 100vw, 150px\" \/><\/a><\/figure>\n<\/div>\n\n\n<p>Deutsch sprechen: it&#8217;s not impossible. <a href=\"https:\/\/superior-english.com\/englischkurse-fuer-firmen-duesseldorf\/\" data-type=\"page\" data-id=\"63\">I&#8217;m living proof<\/a>. That&#8217;s not to say it hasn&#8217;t been a long journey from where I started (with bits and pieces from my childhood to my first earnest endeavor in my teens) to get to where I am today: a C2 level speaker with an almost undetectable accent. How&#8217;d I do it?<\/p>\n\n\n\n<p>To be honest, all it took was time, trust the process and consistently applied interest. The same things it takes master the language are no different from the things it takes to master any skill. And by consistently applied interest I mean active, authentic, spontaneous use of your second language within the context of a relationship to someone who matters to you. That&#8217;s exactly what I&#8217;ve been offering native German speakers on a weekly basis for over a decade.<\/p>\n\n\n\n<p>You&#8217;ve got this! All you have to do is <a href=\"https:\/\/superior-english.com\/englisch-dolmetscher\/\" data-type=\"page\" data-id=\"2\">get started<\/a>.<\/p>\n\n\n\n<h2 class=\"wp-block-heading\">German for expats in D\u00fcsseldorf &amp; K\u00f6ln<\/h2>\n\n\n\n<p>Up for the challenge? You don&#8217;t need to be a talented language learner to gain the functional fluency that will take your (hopefully life changing) experience abroad here in Germany to the next level. But you will need some foundational skills, and a guide who knows what you&#8217;re going through can help. <a href=\"https:\/\/superior-english.com\/englisch-dolmetscher\/\"><strong>Let's get started!<em> Legen wir los!<\/em><\/strong><\/a><\/p>","protected":false},"excerpt":{"rendered":"<p>\u201cThe most important thing to me is that Jesse knows me. He understands me as a learner and quickly worked out the most effective way to meet my needs. He recognizes that I learn through comedy to a degree. To put it simply, he\u2019s better than the first teacher I had by a country mile. &hellip; <a href=\"https:\/\/superior-english.com\/en\/german-for-international-professionals-expats\/\" class=\"more-link\">Continue reading <span class=\"screen-reader-text\">Deutschunterricht f\u00fcr Expats<\/span><\/a><\/p>","protected":false},"author":1,"featured_media":5440,"parent":0,"menu_order":0,"comment_status":"closed","ping_status":"closed","template":"","meta":{"advanced_seo_description":"Learn German for expats in D\u00fcsseldorf or online with Jesse Kopp, professional language coach.","jetpack_seo_html_title":"","jetpack_seo_noindex":false,"jetpack_post_was_ever_published":false,"footnotes":""},"tags":[604969254,604969182,604969252,604969253],"class_list":["post-4418","page","type-page","status-publish","has-post-thumbnail","hentry","tag-expats-in-duesseldorf","tag-learn-german-duesseldorf","tag-relocation-service-germany","tag-relocation-to-duesseldorf-expats"],"jetpack_sharing_enabled":true,"jetpack_shortlink":"https:\/\/wp.me\/P1L3QY-19g","jetpack_likes_enabled":true,"_links":{"self":[{"href":"https:\/\/superior-english.com\/en\/wp-json\/wp\/v2\/pages\/4418","targetHints":{"allow":["GET"]}}],"collection":[{"href":"https:\/\/superior-english.com\/en\/wp-json\/wp\/v2\/pages"}],"about":[{"href":"https:\/\/superior-english.com\/en\/wp-json\/wp\/v2\/types\/page"}],"author":[{"embeddable":true,"href":"https:\/\/superior-english.com\/en\/wp-json\/wp\/v2\/users\/1"}],"replies":[{"embeddable":true,"href":"https:\/\/superior-english.com\/en\/wp-json\/wp\/v2\/comments?post=4418"}],"version-history":[{"count":22,"href":"https:\/\/superior-english.com\/en\/wp-json\/wp\/v2\/pages\/4418\/revisions"}],"predecessor-version":[{"id":5772,"href":"https:\/\/superior-english.com\/en\/wp-json\/wp\/v2\/pages\/4418\/revisions\/5772"}],"wp:featuredmedia":[{"embeddable":true,"href":"https:\/\/superior-english.com\/en\/wp-json\/wp\/v2\/media\/5440"}],"wp:attachment":[{"href":"https:\/\/superior-english.com\/en\/wp-json\/wp\/v2\/media?parent=4418"}],"wp:term":[{"taxonomy":"post_tag","embeddable":true,"href":"https:\/\/superior-english.com\/en\/wp-json\/wp\/v2\/tags?post=4418"}],"curies":[{"name":"wp","href":"https:\/\/api.w.org\/{rel}","templated":true}]}}