{"id":4466,"date":"2020-04-14T08:14:26","date_gmt":"2020-04-14T08:14:26","guid":{"rendered":"https:\/\/superior-english.com\/?page_id=4466"},"modified":"2023-10-16T07:17:58","modified_gmt":"2023-10-16T07:17:58","slug":"business-englischlernen-online-digitaler-unterricht","status":"publish","type":"page","link":"https:\/\/superior-english.com\/en\/business-englischlernen-online-digitaler-unterricht\/","title":{"rendered":"Learn Business English Online"},"content":{"rendered":"<figure class=\"wp-block-image size-large\"><a href=\"https:\/\/i0.wp.com\/superior-english.com\/wp-content\/uploads\/2022\/10\/jesse_IMG_0485-2_bearbeitet-1.jpg?ssl=1\"><img data-recalc-dims=\"1\" loading=\"lazy\" decoding=\"async\" width=\"712\" height=\"492\" data-attachment-id=\"5291\" data-permalink=\"https:\/\/superior-english.com\/en\/business-englischlernen-online-digitaler-unterricht\/jesse_img_0485-2_bearbeitet-1\/\" data-orig-file=\"https:\/\/i0.wp.com\/superior-english.com\/wp-content\/uploads\/2022\/10\/jesse_IMG_0485-2_bearbeitet-1.jpg?fit=1444%2C998&amp;ssl=1\" data-orig-size=\"1444,998\" data-comments-opened=\"0\" data-image-meta=\"{&quot;aperture&quot;:&quot;0&quot;,&quot;credit&quot;:&quot;&quot;,&quot;camera&quot;:&quot;&quot;,&quot;caption&quot;:&quot;&quot;,&quot;created_timestamp&quot;:&quot;0&quot;,&quot;copyright&quot;:&quot;&quot;,&quot;focal_length&quot;:&quot;0&quot;,&quot;iso&quot;:&quot;0&quot;,&quot;shutter_speed&quot;:&quot;0&quot;,&quot;title&quot;:&quot;&quot;,&quot;orientation&quot;:&quot;0&quot;}\" data-image-title=\"jesse_IMG_0485-2_bearbeitet-1\" data-image-description=\"\" data-image-caption=\"\" data-medium-file=\"https:\/\/i0.wp.com\/superior-english.com\/wp-content\/uploads\/2022\/10\/jesse_IMG_0485-2_bearbeitet-1.jpg?fit=300%2C207&amp;ssl=1\" data-large-file=\"https:\/\/i0.wp.com\/superior-english.com\/wp-content\/uploads\/2022\/10\/jesse_IMG_0485-2_bearbeitet-1.jpg?fit=712%2C492&amp;ssl=1\" src=\"https:\/\/i0.wp.com\/superior-english.com\/wp-content\/uploads\/2022\/10\/jesse_IMG_0485-2_bearbeitet-1.jpg?resize=712%2C492&#038;ssl=1\" alt=\"\" class=\"wp-image-5291\" srcset=\"https:\/\/i0.wp.com\/superior-english.com\/wp-content\/uploads\/2022\/10\/jesse_IMG_0485-2_bearbeitet-1.jpg?resize=1024%2C708&amp;ssl=1 1024w, https:\/\/i0.wp.com\/superior-english.com\/wp-content\/uploads\/2022\/10\/jesse_IMG_0485-2_bearbeitet-1.jpg?resize=300%2C207&amp;ssl=1 300w, https:\/\/i0.wp.com\/superior-english.com\/wp-content\/uploads\/2022\/10\/jesse_IMG_0485-2_bearbeitet-1.jpg?resize=768%2C531&amp;ssl=1 768w, https:\/\/i0.wp.com\/superior-english.com\/wp-content\/uploads\/2022\/10\/jesse_IMG_0485-2_bearbeitet-1.jpg?resize=1080%2C746&amp;ssl=1 1080w, https:\/\/i0.wp.com\/superior-english.com\/wp-content\/uploads\/2022\/10\/jesse_IMG_0485-2_bearbeitet-1.jpg?w=1444&amp;ssl=1 1444w\" sizes=\"auto, (max-width: 712px) 100vw, 712px\" \/><\/a><\/figure>\n\n\n\n<h2 class=\"wp-block-heading\"><a href=\"https:\/\/superior-english.com\/englischkurse-fuer-firmen-duesseldorf\/\" data-type=\"page\" data-id=\"63\">Hi, I'm Jesse!<\/a> Business Englisch Coach in D\u00fcsseldorf, K\u00f6ln (und digital verf\u00fcgbar in aller Welt)<\/h2>\n\n\n\n<blockquote class=\"wp-block-quote has-text-align-right is-layout-flow wp-block-quote-is-layout-flow\">\n<p class=\"has-text-align-left\"><em>&#8222;Englisch Unterricht mit dem pers\u00f6nlichen Touch: Jesse ist ein Multitalent und geht sehr schnell mit viel Empathie auf seine Kunden ein. Der Unterricht ist immer spannend gestaltet, interessante Themen, z.B. Artikel aus der Times (wer liest diese von uns schon??), die wir mit Ihm diskutieren. Ob kleine Gruppen oder Einzeltermine, er findet die Mischung, so dass auch Menschen mit wenig sprachlicher Erfahrung ihren Mut finden, sich auf Englisch auszudr\u00fccken. In unserer Firma ist er ein festes Mitglied geworden und wir freuen uns auf die pers\u00f6nliche oder auch virtuelle Zeit immer wieder aufs Neue.&#8220;<\/em><\/p>\n<cite>&#8211; <em>Nadine\u00a0Verb\u00fccheln<br>Assistentin der Gesch\u00e4ftsf\u00fchrung \/ Teamleiterin B\u00fcromanagement<\/em>, National Express Rail <\/cite><\/blockquote>\n\n\n\n<h2 class=\"wp-block-heading\">Bist du bereit, dein Potenzial mit Business Englisch zu entfalten? <a href=\"https:\/\/superior-english.com\/englisch-dolmetscher\/\" data-type=\"page\" data-id=\"2\">Let's get started!<\/a><\/h2>\n\n\n\n<p>Um Englisch <strong>selbstbewusst und flie\u00dfend <\/strong>sprechen zu k\u00f6nnen,\u00a0ist es unverzichtbar mit\u00a0authentischen Materialien\u00a0zu arbeiten und Englisch so h\u00e4ufig wie m\u00f6glich zu <strong>h\u00f6ren und sprechen<\/strong>.\u00a0<\/p>\n\n\n\n<p>Genau diese M\u00f6glichkeit biete ich Dir. Mit mir kannst Du Dein Englisch <strong>regelm\u00e4\u00dfig auffrischen und pflegen<\/strong>. So l\u00e4sst man sein Schulenglisch hinter sich!<\/p>\n\n\n\n<p>Mit Superior hast Du die M\u00f6glichkeit\u00a0Dein Englisch bequem in den eigenen vier W\u00e4nden zu verbessern, ohne auf den regelm\u00e4\u00dfigen Kontakt zu einem\u00a0<strong>qualifizierten, erfahrenen Lehrer und Native-Speaker<\/strong>\u00a0verzichten zu m\u00fcssen. Denn letztendlich wirkt das Lernen per App nur, wenn es um die aller einfachsten Basics geht. Sprachenlernen erfolgt nur nachhaltig und erfolgreich, wenn es im Kontext einer\u00a0<strong>echten, authentischen zwischenmenschlichen Beziehung<\/strong> geschieht.<\/p>\n\n\n\n<p>Jeden Monat erh\u00e4ltst Du auf Wunsch neue,\u00a0authentische\u00a0Materialien f\u00fcr das selbstst\u00e4ndige Lernen. <strong>Du nimmst aktiv an echten Gespr\u00e4chen teil<\/strong>,\u00a0die Dir dazu verhelfen, Deinen Wortschatz auszubauen\u00a0und Deine Aussprache\u00a0zu verfeinern.<\/p>\n\n\n\n<p>Zus\u00e4tzlich dazu,\u00a0trainieren wir einmal pro Woche in Echtzeit zusammen. Der Konversationskurs ist\u00a0<strong>so\u00a0interaktiv wie m\u00f6glich<\/strong> gestaltet, und dort hast Du die M\u00f6glichkeit,\u00a0aktiv Gespr\u00e4che auf Englisch zu f\u00fchren\u00a0mit\u00a0einem echten Native Speaker und ggf. andere Lernende (in Kleingruppen via Zoom-Meeting).\u00a0<\/p>\n\n\n\n<p class=\" translation-block\">My open enrollment courses online are best suited for non-native speakers with some prior background with English who already feel somewhat comfortable conversing freely.<\/p>\n\n\n\n<p class=\" translation-block\">If you're starting at square one, I doubt you'd be reading reading this (but ok... just in case) but \"fragen kostet nichts\": if you'd like further information or to check your level beforehand, email me at mail@superior-english.com.<\/p>\n\n\n\n<p>Looking forward! <\/p>","protected":false},"excerpt":{"rendered":"<p>Hi, I&#8217;m Jesse! Business Englisch Coach in D\u00fcsseldorf, K\u00f6ln (und digital verf\u00fcgbar in aller Welt) &#8222;Englisch Unterricht mit dem pers\u00f6nlichen Touch: Jesse ist ein Multitalent und geht sehr schnell mit viel Empathie auf seine Kunden ein. Der Unterricht ist immer spannend gestaltet, interessante Themen, z.B. Artikel aus der Times (wer liest diese von uns schon??), &hellip; <a href=\"https:\/\/superior-english.com\/en\/business-englischlernen-online-digitaler-unterricht\/\" class=\"more-link\">Continue reading <span class=\"screen-reader-text\">Learn Business English Online<\/span><\/a><\/p>","protected":false},"author":1,"featured_media":0,"parent":0,"menu_order":0,"comment_status":"closed","ping_status":"closed","template":"","meta":{"advanced_seo_description":"Englisch lernen D\u00fcsseldorf, Englisch lernen online, Native Speaker Englisch, Englischlehrer online, Business English online lernen, Zoomkurs Englisch, Skype Englischkurs","jetpack_seo_html_title":"","jetpack_seo_noindex":false,"jetpack_post_was_ever_published":false,"footnotes":""},"tags":[604969225,604969232,604969229,437807,604969227,604969228,604969231,604969226,604969186,604969230],"class_list":["post-4466","page","type-page","status-publish","hentry","tag-business-english-lernen","tag-digitaler-englischunterricht","tag-englisch-coach-nrw","tag-englisch-lernen","tag-englischkurse-duesseldorf","tag-englischkurse-koeln","tag-englischlernen-online","tag-firmenkurse-duesseldorf","tag-lernen-onine","tag-native-speaker-unterricht","no-featured-image"],"jetpack_sharing_enabled":true,"jetpack_shortlink":"https:\/\/wp.me\/P1L3QY-1a2","jetpack_likes_enabled":true,"_links":{"self":[{"href":"https:\/\/superior-english.com\/en\/wp-json\/wp\/v2\/pages\/4466","targetHints":{"allow":["GET"]}}],"collection":[{"href":"https:\/\/superior-english.com\/en\/wp-json\/wp\/v2\/pages"}],"about":[{"href":"https:\/\/superior-english.com\/en\/wp-json\/wp\/v2\/types\/page"}],"author":[{"embeddable":true,"href":"https:\/\/superior-english.com\/en\/wp-json\/wp\/v2\/users\/1"}],"replies":[{"embeddable":true,"href":"https:\/\/superior-english.com\/en\/wp-json\/wp\/v2\/comments?post=4466"}],"version-history":[{"count":13,"href":"https:\/\/superior-english.com\/en\/wp-json\/wp\/v2\/pages\/4466\/revisions"}],"predecessor-version":[{"id":5709,"href":"https:\/\/superior-english.com\/en\/wp-json\/wp\/v2\/pages\/4466\/revisions\/5709"}],"wp:attachment":[{"href":"https:\/\/superior-english.com\/en\/wp-json\/wp\/v2\/media?parent=4466"}],"wp:term":[{"taxonomy":"post_tag","embeddable":true,"href":"https:\/\/superior-english.com\/en\/wp-json\/wp\/v2\/tags?post=4466"}],"curies":[{"name":"wp","href":"https:\/\/api.w.org\/{rel}","templated":true}]}}