{"id":4689,"date":"2021-03-19T14:17:22","date_gmt":"2021-03-19T14:17:22","guid":{"rendered":"https:\/\/superior-english.com\/?page_id=4689"},"modified":"2024-09-06T11:03:24","modified_gmt":"2024-09-06T11:03:24","slug":"impressum","status":"publish","type":"page","link":"https:\/\/superior-english.com\/en\/impressum\/","title":{"rendered":"Legal notice"},"content":{"rendered":"<p>Informationspflichten gem\u00e4\u00df \u00a7 5 TMG:<\/p>\n\n\n<div class=\"wp-block-image\">\n<figure class=\"alignright\"><a href=\"https:\/\/i0.wp.com\/superior-english.com\/wp-content\/uploads\/2012\/01\/screen-shot-2012-07-27-at-6-36-43-pm1.png\"><img data-recalc-dims=\"1\" loading=\"lazy\" decoding=\"async\" width=\"50\" height=\"43\" data-attachment-id=\"535\" data-permalink=\"https:\/\/superior-english.com\/en\/?attachment_id=535\" data-orig-file=\"https:\/\/i0.wp.com\/superior-english.com\/wp-content\/uploads\/2012\/01\/screen-shot-2012-07-27-at-6-36-43-pm1.png?fit=50%2C43&amp;ssl=1\" data-orig-size=\"50,43\" data-comments-opened=\"0\" data-image-meta=\"{&quot;aperture&quot;:&quot;0&quot;,&quot;credit&quot;:&quot;&quot;,&quot;camera&quot;:&quot;&quot;,&quot;caption&quot;:&quot;&quot;,&quot;created_timestamp&quot;:&quot;0&quot;,&quot;copyright&quot;:&quot;&quot;,&quot;focal_length&quot;:&quot;0&quot;,&quot;iso&quot;:&quot;0&quot;,&quot;shutter_speed&quot;:&quot;0&quot;,&quot;title&quot;:&quot;&quot;}\" data-image-title=\"Screen shot 2012-07-27 at 6.36.43 PM\" data-image-description=\"\" data-image-caption=\"\" data-large-file=\"https:\/\/i0.wp.com\/superior-english.com\/wp-content\/uploads\/2012\/01\/screen-shot-2012-07-27-at-6-36-43-pm1.png?fit=50%2C43&amp;ssl=1\" src=\"https:\/\/i0.wp.com\/superior-english.com\/wp-content\/uploads\/2012\/01\/screen-shot-2012-07-27-at-6-36-43-pm1.png?resize=50%2C43\" alt=\"Screen shot 2012-07-27 at 6.36.43 PM\" class=\"wp-image-535\"\/><\/a><\/figure>\n<\/div>\n\n\n<p>Inhaltlich verantwortliche Ansprechperson f\u00fcr Konzeption, Gestaltung, Realisation: Jesse L. Kopp, Anschrift s.o.<\/p>\n\n\n\n<p>Inhalte \/ Haftungsausschluss: Die Inhalte dieser Webseiten wurde sorgf\u00e4ltig gepr\u00fcft und nach bestem Wissen erstellt. Aber f\u00fcr die hier dargebotenen Informationen wird kein Anspruch auf Vollst\u00e4ndigkeit, Aktualit\u00e4t und Richtigkeit erhoben. Haftungsanspr\u00fcche gegen Jesse Kopp f\u00fcr Sch\u00e4den jeglicher Art, die durch Nutzung der angebotenen Informationen verursacht werden, sind grunds\u00e4tzlich ausgeschlossen. Jesse Kopp beh\u00e4lt es sich ausdr\u00fccklich vor, Teile der Seiten oder das gesamt Angebot ohne gesonderte Ank\u00fcndigung zu ver\u00e4ndern oder zu l\u00f6schen. Eine st\u00e4ndige Verf\u00fcgbarkeit der Seiten wird nicht gew\u00e4hrleistet.<\/p>\n\n\n\n<p>Haftungshinweis: Das Internetangebot von Jesse Kopp enth\u00e4lt Links, die auf Internetseiten anderer Anbieter verweisen. Trotz sorgf\u00e4ltiger inhaltlicher Kontrolle \u00fcbernimmt Jesse Kopp weder Verantwortung f\u00fcr die Richtigkeit der bei den externen Links bereitgestellten Informationen noch macht sie sich deren Inhalt zu Eigen oder teilt unbedingt die dort vertretenen Meinungen. Wenn Sie diesen Link folgen, verlassen Sie das Angebot von Jesse Kopp. F\u00fcr den Inhalt der verlinkten Seiten sind ausschlie\u00dflich deren Betreiber verantwortlich.<\/p>\n\n\n\n<p>\u00a9 Jesse Kopp 2020, alle Rechte vorbehalten.<\/p>\n\n\n\n<p>Meine <strong>AGBs<\/strong> findest du <a href=\"https:\/\/superior-english.com\/agbs\/\">hier<\/a>.<\/p>\n\n\n\n<h4 class=\"wp-block-heading\"><strong>DATA PRIVACY STATEMENT<\/strong><\/h4>\n\n\n\n<p>Thanks for visiting my website. &nbsp;This website is a blog on wordpress.com&#8211;to access their privacy statement, please click <a href=\"https:\/\/automattic.com\/privacy-notice\/\">here<\/a>.<\/p>","protected":false},"excerpt":{"rendered":"<p>Informationspflichten gem\u00e4\u00df \u00a7 5 TMG: Inhaltlich verantwortliche Ansprechperson f\u00fcr Konzeption, Gestaltung, Realisation: Jesse L. Kopp, Anschrift s.o. Inhalte \/ Haftungsausschluss: Die Inhalte dieser Webseiten wurde sorgf\u00e4ltig gepr\u00fcft und nach bestem Wissen erstellt. Aber f\u00fcr die hier dargebotenen Informationen wird kein Anspruch auf Vollst\u00e4ndigkeit, Aktualit\u00e4t und Richtigkeit erhoben. Haftungsanspr\u00fcche gegen Jesse Kopp f\u00fcr Sch\u00e4den jeglicher Art, &hellip; <a href=\"https:\/\/superior-english.com\/en\/impressum\/\" class=\"more-link\">Continue reading <span class=\"screen-reader-text\">Legal notice<\/span><\/a><\/p>","protected":false},"author":1,"featured_media":0,"parent":0,"menu_order":0,"comment_status":"closed","ping_status":"closed","template":"","meta":{"om_disable_all_campaigns":false,"_monsterinsights_skip_tracking":false,"_monsterinsights_sitenote_active":false,"_monsterinsights_sitenote_note":"","_monsterinsights_sitenote_category":0,"footnotes":""},"tags":[],"class_list":["post-4689","page","type-page","status-publish","hentry","no-featured-image"],"aioseo_notices":[],"jetpack_sharing_enabled":true,"jetpack_shortlink":"https:\/\/wp.me\/P1L3QY-1dD","jetpack_likes_enabled":true,"_links":{"self":[{"href":"https:\/\/superior-english.com\/en\/wp-json\/wp\/v2\/pages\/4689","targetHints":{"allow":["GET"]}}],"collection":[{"href":"https:\/\/superior-english.com\/en\/wp-json\/wp\/v2\/pages"}],"about":[{"href":"https:\/\/superior-english.com\/en\/wp-json\/wp\/v2\/types\/page"}],"author":[{"embeddable":true,"href":"https:\/\/superior-english.com\/en\/wp-json\/wp\/v2\/users\/1"}],"replies":[{"embeddable":true,"href":"https:\/\/superior-english.com\/en\/wp-json\/wp\/v2\/comments?post=4689"}],"version-history":[{"count":2,"href":"https:\/\/superior-english.com\/en\/wp-json\/wp\/v2\/pages\/4689\/revisions"}],"predecessor-version":[{"id":6187,"href":"https:\/\/superior-english.com\/en\/wp-json\/wp\/v2\/pages\/4689\/revisions\/6187"}],"wp:attachment":[{"href":"https:\/\/superior-english.com\/en\/wp-json\/wp\/v2\/media?parent=4689"}],"wp:term":[{"taxonomy":"post_tag","embeddable":true,"href":"https:\/\/superior-english.com\/en\/wp-json\/wp\/v2\/tags?post=4689"}],"curies":[{"name":"wp","href":"https:\/\/api.w.org\/{rel}","templated":true}]}}