{"id":63,"date":"2012-01-01T14:49:36","date_gmt":"2012-01-01T14:49:36","guid":{"rendered":"http:\/\/superior-english.com\/?page_id=63"},"modified":"2025-02-19T11:49:37","modified_gmt":"2025-02-19T11:49:37","slug":"englischkurse-fuer-firmen-duesseldorf","status":"publish","type":"page","link":"https:\/\/superior-english.com\/en\/englischkurse-fuer-firmen-duesseldorf\/","title":{"rendered":"About me"},"content":{"rendered":"<h1 class=\"wp-block-heading\"><strong><span style=\"color: #000000;\">Hi, I\u2019m Jesse!<\/span> <\/strong>Englischlehrer, \u00dcbersetzer und Coach f\u00fcr Business Englisch in D\u00fcsseldorf, K\u00f6ln und deutschlandweit.<\/h1>\n\n\n\n<p><strong>Begeisterter Coach. Brennender Lerner und Lehrer. Kreativ. Herzlich. Anders.<\/strong><\/p>\n\n\n\n<p>Als <a href=\"https:\/\/superior-english.com\/dolmetscher-deutsch-englisch\/\" data-type=\"page\" data-id=\"1903\">Simultandolmetscher<\/a>, ehemaliger Hochschuldozent und Anbieter f\u00fcr\u00a0<a href=\"https:\/\/superior-english.com\/buisness-english-englischkurs-englischlernen\/englischlehrer-duesseldorf\/\" data-type=\"page\" data-id=\"873\">Business English Coaching<\/a> so <a href=\"https:\/\/superior-english.com\/uebersetzer-englisch\/\" data-type=\"page\" data-id=\"16\">\u00dcbersetzungen<\/a> helfe ich Menschen und Unternehmen, ihre Stimme zu finden und ihre Story zu erz\u00e4hlen. Und dabei schl\u00e4ft wirklich niemand ein. Versprochen. <\/p>\n\n\n\n<p><strong>Ganz gleich was Dein Ziel ist, der Weg dorthin muss Spa\u00df machen<\/strong>. Lernen kann ein Tanz sein, anstatt eine Qual. Die <a href=\"https:\/\/superior-english.com\/bewerbung-englisch-coach\/\" data-type=\"page\" data-id=\"2334\">Jobsuche<\/a> im internationalen Umfeld kann auch genauso spannend sein. Stelle dir Wachstum und Ver\u00e4nderung ohne Growing-Pains vor: Es ist eine Frage von <a href=\"https:\/\/superior-english.com\/2024\/03\/13\/warum-english-coaching-die-unersetzliche-rolle-authentischer-menschlicher-interaktion-beim-lernen-und-zweitsprachenerwerb\/\" data-type=\"post\" data-id=\"5893\">Mindset und die richtige Begleitung<\/a>. Die will ich f\u00fcr dich sein. <\/p>\n\n\n\n<p>Ready to get going?<\/p>\n\n\n\n<p><strong><a href=\"http:\/\/superior-english.com\/impressum\/\">Let's get started!<\/a><\/strong><\/p>\n\n\n\n<hr class=\"wp-block-separator has-css-opacity\"\/>\n\n\n\n<p><span style=\"color: #000000;\"><strong>M<\/strong><\/span><strong>EINE STORY<\/strong><\/p>\n\n\n\n<p>Im S\u00fcdwesten Virginias geboren und aufgewachsen, habe ich bereits in jungen Jahren meine ersten Erfahrungen mit der deutschen Sprache gemacht. Stolz konnte ich schon im Kindergarten meine Mitsch\u00fcler fragen &#8222;Kannscht du die&nbsp;Deitsch schw\u00e4tze?&#8220; So brachten es mir meine nach Virginia gezogenen pennsylvaniadeutschen Gro\u00dfeltern bei.<\/p>\n\n\n\n<p>Meine erste Reise ins Rheinland w\u00e4hrend der High School lie\u00df mich von Deutschland und seiner Sprache nicht mehr los. So habe ich im Rahmen meines Germanistikstudiums an der University of Virginia, der University of Mary Washington&nbsp;sowie der Heinrich-Heine-Universit\u00e4t in D\u00fcsseldorf die Sprache meiner Vorfahren gemeistert. &nbsp;Schon als Lehramtsstudent in den Staaten nahm ich eine Stelle als \u00dcbersetzer mit Schwerpunkt Medizin und Versicherungswesen an und \u00fcbersetzte nebenbei f\u00fcr diverse institutionelle und private Auftraggeber.<\/p>\n\n\n\n<p>Nachdem ich 2010 nach Deutschland ausgewandert war, f\u00fchrte mich meine Begeisterung&nbsp;f\u00fcr Sprachen und P\u00e4dagogik \u00fcber Dozentent\u00e4tigkeiten bei diversen privaten&nbsp;Bildungstr\u00e4gern sowie einer Hochschule in die Selbstst\u00e4ndigkeit. Auf der Grundlage entstanden enge Partnerschaften mit gro\u00dfen Werbeagenturen und Medienproduktions-Unternehmen, die Kampagnen f\u00fcr die gr\u00f6\u00dften Marken der Welt umsetzen. Seitdem unterst\u00fctze ich international ausgerichtete Unternehmen und ehrgeizige Privatpersonen dabei, zu neuen Erfolgen im Job, Business und Vertrieb zu gelangen.<\/p>\n\n\n\n<hr class=\"wp-block-separator has-css-opacity\"\/>","protected":false},"excerpt":{"rendered":"<p>Hi, I\u2019m Jesse! Englischlehrer, \u00dcbersetzer und Coach f\u00fcr Business Englisch in D\u00fcsseldorf, K\u00f6ln und deutschlandweit. Begeisterter Coach. Brennender Lerner und Lehrer. Kreativ. Herzlich. Anders. Als Simultandolmetscher, ehemaliger Hochschuldozent und Anbieter f\u00fcr\u00a0Business English Coaching und \u00dcbersetzungen helfe ich Menschen und Unternehmen, ihre Stimme zu finden und ihre Story zu erz\u00e4hlen. Und dabei schl\u00e4ft wirklich niemand ein. &hellip; <a href=\"https:\/\/superior-english.com\/en\/englischkurse-fuer-firmen-duesseldorf\/\" class=\"more-link\">Continue reading <span class=\"screen-reader-text\">About me<\/span><\/a><\/p>","protected":false},"author":1,"featured_media":6104,"parent":0,"menu_order":1,"comment_status":"closed","ping_status":"closed","template":"","meta":{"advanced_seo_description":"Englisch lernen mit Native Speaker, Native Speaker D\u00fcsseldorf, Englisch Lehrer D\u00fcsseldorf, Englisch Coach D\u00fcsseldorf, Englisch Coach Niederrhein, Englisch lernen K\u00f6ln, \u00dcbersetzer Englisch D\u00fcsseldorf","jetpack_seo_html_title":"","jetpack_seo_noindex":false,"jetpack_post_was_ever_published":false,"footnotes":""},"tags":[],"class_list":["post-63","page","type-page","status-publish","has-post-thumbnail","hentry"],"jetpack_sharing_enabled":true,"jetpack_shortlink":"https:\/\/wp.me\/P1L3QY-11","jetpack_likes_enabled":true,"_links":{"self":[{"href":"https:\/\/superior-english.com\/en\/wp-json\/wp\/v2\/pages\/63","targetHints":{"allow":["GET"]}}],"collection":[{"href":"https:\/\/superior-english.com\/en\/wp-json\/wp\/v2\/pages"}],"about":[{"href":"https:\/\/superior-english.com\/en\/wp-json\/wp\/v2\/types\/page"}],"author":[{"embeddable":true,"href":"https:\/\/superior-english.com\/en\/wp-json\/wp\/v2\/users\/1"}],"replies":[{"embeddable":true,"href":"https:\/\/superior-english.com\/en\/wp-json\/wp\/v2\/comments?post=63"}],"version-history":[{"count":59,"href":"https:\/\/superior-english.com\/en\/wp-json\/wp\/v2\/pages\/63\/revisions"}],"predecessor-version":[{"id":6352,"href":"https:\/\/superior-english.com\/en\/wp-json\/wp\/v2\/pages\/63\/revisions\/6352"}],"wp:featuredmedia":[{"embeddable":true,"href":"https:\/\/superior-english.com\/en\/wp-json\/wp\/v2\/media\/6104"}],"wp:attachment":[{"href":"https:\/\/superior-english.com\/en\/wp-json\/wp\/v2\/media?parent=63"}],"wp:term":[{"taxonomy":"post_tag","embeddable":true,"href":"https:\/\/superior-english.com\/en\/wp-json\/wp\/v2\/tags?post=63"}],"curies":[{"name":"wp","href":"https:\/\/api.w.org\/{rel}","templated":true}]}}