{"id":652,"date":"2014-03-12T08:55:25","date_gmt":"2014-03-12T08:55:25","guid":{"rendered":"http:\/\/superior-english.com\/?page_id=652"},"modified":"2016-10-27T11:38:06","modified_gmt":"2016-10-27T11:38:06","slug":"instruktionslernen","status":"publish","type":"page","link":"https:\/\/superior-english.com\/en\/buisness-english-englischkurs-englischlernen\/business-english-englischlernen-duesseldorf\/instruktionslernen\/","title":{"rendered":"Instruktionslernen"},"content":{"rendered":"<p><strong>Instruktionslernen<\/strong>\u00a0mit einer intensiven, gezielten Auseinandersetzung mit den Strukturen der englischen Grammatik, mit Fokus auf den Fehlern, die h\u00e4ufig im m\u00fcndlichen Ausdruck vorkommen, geben Ihrem Englisch den langersehnten Feinschliff. Das Gute hier? Falls Sie kein Grammatiker oder Grammatikerin sind, gibt&#8217;s pr\u00e4gnante Erkl\u00e4rungen zur englischen Grammatik auch auf Deutsch.<\/p>\n<p><a title=\"methodik 3\" href=\"http:\/\/superior-english.com\/methodik\/\">zur\u00fcck zur Methodik<\/a><\/p>\n<p><a title=\"Selbstst\u00e4ndiges Lernen2\" href=\"http:\/\/superior-english.com\/methodik\/selbststandiges-lernen\/\">weiter zum selbstst\u00e4ndigen Lernen<\/a><\/p>\n<p>&nbsp;<\/p>\n<p>&nbsp;<\/p>\n<p>&nbsp;<\/p>\n<p>&nbsp;<\/p>\n<p>&nbsp;<\/p>","protected":false},"excerpt":{"rendered":"<p>Instruktionslernen\u00a0mit einer intensiven, gezielten Auseinandersetzung mit den Strukturen der englischen Grammatik, mit Fokus auf den Fehlern, die h\u00e4ufig im m\u00fcndlichen Ausdruck vorkommen, geben Ihrem Englisch den langersehnten Feinschliff. Das Gute hier? Falls Sie kein Grammatiker oder Grammatikerin sind, gibt&#8217;s pr\u00e4gnante Erkl\u00e4rungen zur englischen Grammatik auch auf Deutsch. zur\u00fcck zur Methodik weiter zum selbstst\u00e4ndigen Lernen &nbsp; &hellip; <a href=\"https:\/\/superior-english.com\/en\/buisness-english-englischkurs-englischlernen\/business-english-englischlernen-duesseldorf\/instruktionslernen\/\" class=\"more-link\">Continue reading <span class=\"screen-reader-text\">Instruktionslernen<\/span><\/a><\/p>","protected":false},"author":1,"featured_media":0,"parent":693,"menu_order":4,"comment_status":"closed","ping_status":"closed","template":"","meta":{"advanced_seo_description":"","jetpack_seo_html_title":"","jetpack_seo_noindex":false,"jetpack_post_was_ever_published":false,"footnotes":""},"tags":[],"class_list":["post-652","page","type-page","status-publish","hentry","no-featured-image"],"jetpack_sharing_enabled":true,"jetpack_shortlink":"https:\/\/wp.me\/P1L3QY-aw","jetpack_likes_enabled":true,"_links":{"self":[{"href":"https:\/\/superior-english.com\/en\/wp-json\/wp\/v2\/pages\/652","targetHints":{"allow":["GET"]}}],"collection":[{"href":"https:\/\/superior-english.com\/en\/wp-json\/wp\/v2\/pages"}],"about":[{"href":"https:\/\/superior-english.com\/en\/wp-json\/wp\/v2\/types\/page"}],"author":[{"embeddable":true,"href":"https:\/\/superior-english.com\/en\/wp-json\/wp\/v2\/users\/1"}],"replies":[{"embeddable":true,"href":"https:\/\/superior-english.com\/en\/wp-json\/wp\/v2\/comments?post=652"}],"version-history":[{"count":6,"href":"https:\/\/superior-english.com\/en\/wp-json\/wp\/v2\/pages\/652\/revisions"}],"predecessor-version":[{"id":1726,"href":"https:\/\/superior-english.com\/en\/wp-json\/wp\/v2\/pages\/652\/revisions\/1726"}],"up":[{"embeddable":true,"href":"https:\/\/superior-english.com\/en\/wp-json\/wp\/v2\/pages\/693"}],"wp:attachment":[{"href":"https:\/\/superior-english.com\/en\/wp-json\/wp\/v2\/media?parent=652"}],"wp:term":[{"taxonomy":"post_tag","embeddable":true,"href":"https:\/\/superior-english.com\/en\/wp-json\/wp\/v2\/tags?post=652"}],"curies":[{"name":"wp","href":"https:\/\/api.w.org\/{rel}","templated":true}]}}