{"id":693,"date":"2014-03-14T17:12:19","date_gmt":"2014-03-14T17:12:19","guid":{"rendered":"http:\/\/superior-english.com\/?page_id=693"},"modified":"2026-04-17T10:53:10","modified_gmt":"2026-04-17T10:53:10","slug":"business-english-englischlernen-duesseldorf","status":"publish","type":"page","link":"https:\/\/superior-english.com\/en\/buisness-english-englischkurs-englischlernen\/business-english-englischlernen-duesseldorf\/","title":{"rendered":"Klares Business English st\u00e4rkt deine Stimme: souver\u00e4n, pr\u00e4zise, wirkungsvoll"},"content":{"rendered":"<div class=\"wp-block-image is-resized\">\n<figure class=\"alignleft size-medium\"><a href=\"https:\/\/i0.wp.com\/superior-english.com\/wp-content\/uploads\/2022\/10\/JK-business-pic-modified.png?ssl=1\"><img data-recalc-dims=\"1\" loading=\"lazy\" decoding=\"async\" width=\"300\" height=\"300\" data-attachment-id=\"5332\" data-permalink=\"https:\/\/superior-english.com\/en\/englischlehrer-duesseldorf\/jk-business-pic-modified\/\" data-orig-file=\"https:\/\/i0.wp.com\/superior-english.com\/wp-content\/uploads\/2022\/10\/JK-business-pic-modified.png?fit=798%2C798&amp;ssl=1\" data-orig-size=\"798,798\" data-comments-opened=\"0\" data-image-meta=\"{&quot;aperture&quot;:&quot;0&quot;,&quot;credit&quot;:&quot;&quot;,&quot;camera&quot;:&quot;&quot;,&quot;caption&quot;:&quot;&quot;,&quot;created_timestamp&quot;:&quot;0&quot;,&quot;copyright&quot;:&quot;&quot;,&quot;focal_length&quot;:&quot;0&quot;,&quot;iso&quot;:&quot;0&quot;,&quot;shutter_speed&quot;:&quot;0&quot;,&quot;title&quot;:&quot;&quot;,&quot;orientation&quot;:&quot;0&quot;}\" data-image-title=\"JK-business-pic-modified\" data-image-description=\"\" data-image-caption=\"\" data-large-file=\"https:\/\/i0.wp.com\/superior-english.com\/wp-content\/uploads\/2022\/10\/JK-business-pic-modified.png?fit=712%2C712&amp;ssl=1\" src=\"https:\/\/i0.wp.com\/superior-english.com\/wp-content\/uploads\/2022\/10\/JK-business-pic-modified.png?resize=300%2C300&#038;ssl=1\" alt=\"\" class=\"wp-image-5332\" srcset=\"https:\/\/i0.wp.com\/superior-english.com\/wp-content\/uploads\/2022\/10\/JK-business-pic-modified.png?resize=300%2C300&amp;ssl=1 300w, https:\/\/i0.wp.com\/superior-english.com\/wp-content\/uploads\/2022\/10\/JK-business-pic-modified.png?resize=150%2C150&amp;ssl=1 150w, https:\/\/i0.wp.com\/superior-english.com\/wp-content\/uploads\/2022\/10\/JK-business-pic-modified.png?resize=768%2C768&amp;ssl=1 768w, https:\/\/i0.wp.com\/superior-english.com\/wp-content\/uploads\/2022\/10\/JK-business-pic-modified.png?resize=75%2C75&amp;ssl=1 75w, https:\/\/i0.wp.com\/superior-english.com\/wp-content\/uploads\/2022\/10\/JK-business-pic-modified.png?w=798&amp;ssl=1 798w\" sizes=\"auto, (max-width: 300px) 100vw, 300px\" \/><\/a><\/figure>\n<\/div>\n\n\n<p>Was meine ich unter <strong>Business English?\u00a0<\/strong>Es klingt n\u00fctzlich &#8211; vielleicht auch komplex oder einsch\u00fcchternd. So muss es aber nicht sein, denn die Elemente der englischen Sprache, die zur Gesch\u00e4ftswelt geh\u00f6ren, sind nicht zwangsl\u00e4ufig komplex und m\u00fcssen zum Lernen nicht gezielt vom Rest der Sprache abgetrennt werden. Ferner ist eine Sprache \u00fcberhaupt ein Ganzes. Daher verspricht ein <a href=\"https:\/\/www.peterlang.com\/document\/1099721\" title=\"\">holistic approach<\/a> den besten Erfolgen im Gesch\u00e4ft und Beruf.<\/p>\n\n\n\n<p>I provide <a data-type=\"page\" data-id=\"873\" href=\"https:\/\/superior-english.com\/buisness-english-englischkurs-englischlernen\/englischlehrer-duesseldorf\/\">Englischunterricht\u00a0<em>f\u00fcr Business<\/em><\/a><em>&#8211; <\/em>keinen abgegrenzten Korpus gl\u00e4nzender Fachtermini und Floskeln. Es ist die Handlungsf\u00e4higkeit\u00a0&#8222;<em>to do business&#8220; \u00fcberhaupt\u00a0<\/em>und zwar in einer Sprache, die dir nicht unbedingt leicht f\u00e4llt. <a href=\"https:\/\/www.capital.de\/karriere\/wie-motiviert-man-sich--ein-leben-lang-zu-ueben--32557774.html\" title=\"\">\u00dcbung macht den Meister<\/a> &#8211; da ist etwas Wahres dran. <\/p>\n\n\n\n<p><em>Doing business\u00a0<\/em>ist an sich eine zwischenmenschliche Geschichte. Das hei\u00dft, deine Agilit\u00e4t im Gesch\u00e4ft hat mit deiner Person zu tun. Das wirft mehrere Fragen auf: <\/p>\n\n\n\n<ul class=\"wp-block-list\">\n<li>Hast du das Gef\u00fchl, eine Pers\u00f6nlichkeit auf Englisch zu haben? <\/li>\n<\/ul>\n\n\n\n<ul class=\"wp-block-list\">\n<li>Schaffst du es, eine authentische Verbindung zu deinen Kunden aufzubauen, selbst wenn dir z.B. Vokabeln fehlt? <\/li>\n<\/ul>\n\n\n\n<ul class=\"wp-block-list\">\n<li>Kannst du eine Vertrauensbasis bauen, um in deinem Sinne agieren zu k\u00f6nnen? <\/li>\n<\/ul>\n\n\n\n<ul class=\"wp-block-list\">\n<li>Kannst du jemanden um Kulanz oder einen Gefallen bitten? <\/li>\n<\/ul>\n\n\n\n<p>Sofern dein Englisch noch ausbauf\u00e4hig ist, ist <a href=\"https:\/\/superior-english.com\/buisness-english-englischkurs-englischlernen\/\" title=\"Business English Coaching\">Business English Coaching<\/a> deine Antwort. <\/p>\n\n\n\n<p class=\" translation-block\">Using a language is about communicating the ideas you care about to people you care about. Doing business isn't any different. My English lessons for business are your chance to build up an authentic relationship in a world language at consistent, regular intervals--not just to me, but in the case of group lessons, to your colleagues as well across a range of departments within your organization.<\/p>\n\n\n\n<p>Dabei geht es um viel mehr als Ihren Berufsalltag und Fachthemen\u2014es geht auch um Gott und die Welt\u2014es geht um dich\u2014und vor allem geht es darum, Spa\u00df zu haben, damit die Regelm\u00e4\u00dfigkeit gew\u00e4hrt wird. Vor allem das bringt dich weiter. Und das in einer Sprache, zu der du noch Ber\u00fchrungs\u00e4ngste hast. So baust du am <strong>schnellten und effektivsten <\/strong>deine Hemmungen ab, erf\u00e4hrt unmittelbare Lernerfolge und schafft es so, Englisch und die Ber\u00fchrung mit der Weltsprache endlich mit etwas Positivem zu assoziieren.<\/p>\n\n\n\n<p>Einst sagte eine weise \u00e4ltere Dame zu mir: <strong>\u201cMein Lieber: Der beste Ort auf der Welt, um eine Fremdsprache zu lernen, ist im Bett.\u201d<\/strong> Ich musste lachen. Allerdings ist da wirklich etwas Wahres dran: Menschen lernen besser im Kontext einer Beziehung\u2014und das sage nicht nur ich; das sagt uns auch die <a href=\"https:\/\/www.nytimes.com\/2019\/01\/17\/opinion\/learning-emotion-education.html\">Wissenschaft<\/a>. Deshalb gilt: Duolingo und Babbel m\u00f6gen f\u00fcr gewisse Zwecke super sein. Immerhin ist jede Auseinandersetzung beim Erlernen einer Fremdsprache gut. Jedoch geht nichts \u00fcber eine bereichernde Beziehung, auf die du dich freust, und zum spannenden Austausch einl\u00e4dt.<\/p>\n\n\n\n<p>My job is to be someone you simply enjoy talking to.<\/p>\n\n\n\n<p><strong>Put your English to work. Do business better.\u00a0<\/strong><\/p>\n\n\n\n<h2 class=\"wp-block-heading\">Hole dir das, was KI nicht kann:<\/h2>\n\n\n\n<ul class=\"wp-block-list\">\n<li>Lerne in einer\u00a0<span style=\"color: #b5a514;\"><strong>pers\u00f6nlichen Beziehung<\/strong>\u00a0<\/span>zu einem <a data-type=\"page\" data-id=\"63\" href=\"https:\/\/superior-english.com\/englischkurse-fuer-firmen-duesseldorf\/\">Trainer mit Herz<\/a>. Sprachenlernen dreht sich um Kommunikation. Das erfolgt am besten zwischen Menschen, die sich kennen und sich vertrauen k\u00f6nnen. Du sollst frei \u00fcber dich und dein Leben sprechen wollen, und das selbe kannst du im Gegenzug von mir erwarten.<\/li>\n<\/ul>\n\n\n\n<ul class=\"wp-block-list\">\n<li>Lerne mit klaren,<span style=\"color: #b5a514;\">\u00a0<strong>pers\u00f6nlichen Zielen<\/strong><\/span>, die den Inhalt des Coachings bestimmen.\u00a0<span style=\"color: #b5a514;\"><strong>Ma\u00dfgeschneiderter Unterricht<\/strong><\/span> sollte von deinem Leben, deinem Job Und deiner Zukunft handeln. Pers\u00f6nliche W\u00fcnsche sind nicht in Einheitsgr\u00f6\u00dfen erh\u00e4ltlich.<\/li>\n<\/ul>\n\n\n\n<ul class=\"wp-block-list\">\n<li>Arbeite mit einem erfahrenen,<span style=\"color: #b5a514;\">\u00a0<strong><a data-type=\"page\" data-id=\"63\" href=\"https:\/\/superior-english.com\/englischkurse-fuer-firmen-duesseldorf\/\">geduldigen Trainer<\/a><\/strong><\/span>. Dein Tempo &#8211; bei optimaler Herausforderung &#8211; gibt vor und gew\u00e4hrt den nachhaltigen Erfolg ohne \u00dcberforderung.<\/li>\n<\/ul>\n\n\n\n<ul class=\"wp-block-list\">\n<li>Lebe dein Englisch in einer\u00a0<span style=\"color: #b5a514;\"><strong>entspannten, humorvollen Lernatmosph\u00e4re<\/strong>\u00a0<\/span>in der erwartet wird, Spa\u00df zu haben, Fehler zu machen und Fragen zu stellen, am besten in einer vertrauten Umgebung wie der eigenen Wohnung oder dem B\u00fcro. Lernen und Lachen gleichzeitig? Geht doch!<\/li>\n<\/ul>\n\n\n\n<ul class=\"wp-block-list\">\n<li>Hole dir Klarheit mit <span style=\"color: #b5a514;\"><strong>schl\u00fcssigen, pr\u00e4gnanten Antworten<\/strong><\/span> auf deine Fragen zur Grammatik, wenn Grammatik und Struktur dir Spa\u00df machen. Bei mir bist du nie auf Geb\u00e4rden angewiesen, um auf die Bedeutung eines Wortes oder Satzes zu kommen.<\/li>\n<\/ul>\n\n\n\n<p><strong>Was Kunden sagen:<\/strong><\/p>\n\n\n\n<p><em>\u201cMy first thought when I heard we were getting an English coach was that it\u2019d be a lot like learning English was in school. Working with Jesse is so different. Sure, we\u2019ve looked at grammar, but Jesse works outside the typical student-teacher dynamic: it\u2019s personal, casual, open, and genuine. I love that our focus is on speaking and listening, especially since my English is more advanced. Talking about such a wide variety of topics has been an enrichment. <\/em><\/p>\n\n\n\n<p><em>Addressing our fears, problems, ideas, dreams for the future, and what it means for us to leave our comfort zones has pushed us to acquire new vocabulary and learn actively through conversations we might not be having otherwise in everyday life \u2013 or certainly not at work. Because our lessons are a meaningful safe space, my connections with my colleagues have deepened and become more meaningful. Jesse\u2019s curious, communicative, funny, and full of surprises. Every lesson is new and stimulating, and we\u2019ve never run out of things to talk about. Jesse keeps the discussion moving, engages every participant, and encourages us to move beyond our limitations.\u201d<\/em><\/p>\n\n\n\n<p class=\"has-text-align-right\"><em>&#8211; Aliena Schommen, Associate Accounting, Culligan Deutschland GmbH<\/em><\/p>","protected":false},"excerpt":{"rendered":"<p>Was meine ich unter Business English?\u00a0Es klingt n\u00fctzlich &#8211; vielleicht auch komplex oder einsch\u00fcchternd. So muss es aber nicht sein, denn die Elemente der englischen Sprache, die zur Gesch\u00e4ftswelt geh\u00f6ren, sind nicht zwangsl\u00e4ufig komplex und m\u00fcssen zum Lernen nicht gezielt vom Rest der Sprache abgetrennt werden. Ferner ist eine Sprache \u00fcberhaupt ein Ganzes. Daher verspricht &hellip; <a href=\"https:\/\/superior-english.com\/en\/buisness-english-englischkurs-englischlernen\/business-english-englischlernen-duesseldorf\/\" class=\"more-link\">Continue reading <span class=\"screen-reader-text\">Klares Business English st\u00e4rkt deine Stimme: souver\u00e4n, pr\u00e4zise, wirkungsvoll<\/span><\/a><\/p>","protected":false},"author":1,"featured_media":5347,"parent":580,"menu_order":2,"comment_status":"closed","ping_status":"closed","template":"","meta":{"om_disable_all_campaigns":false,"_monsterinsights_skip_tracking":false,"_monsterinsights_sitenote_active":false,"_monsterinsights_sitenote_note":"","_monsterinsights_sitenote_category":0,"footnotes":""},"tags":[],"class_list":["post-693","page","type-page","status-publish","has-post-thumbnail","hentry"],"aioseo_notices":[],"jetpack_sharing_enabled":true,"jetpack_shortlink":"https:\/\/wp.me\/P1L3QY-bb","jetpack_likes_enabled":true,"_links":{"self":[{"href":"https:\/\/superior-english.com\/en\/wp-json\/wp\/v2\/pages\/693","targetHints":{"allow":["GET"]}}],"collection":[{"href":"https:\/\/superior-english.com\/en\/wp-json\/wp\/v2\/pages"}],"about":[{"href":"https:\/\/superior-english.com\/en\/wp-json\/wp\/v2\/types\/page"}],"author":[{"embeddable":true,"href":"https:\/\/superior-english.com\/en\/wp-json\/wp\/v2\/users\/1"}],"replies":[{"embeddable":true,"href":"https:\/\/superior-english.com\/en\/wp-json\/wp\/v2\/comments?post=693"}],"version-history":[{"count":46,"href":"https:\/\/superior-english.com\/en\/wp-json\/wp\/v2\/pages\/693\/revisions"}],"predecessor-version":[{"id":8201,"href":"https:\/\/superior-english.com\/en\/wp-json\/wp\/v2\/pages\/693\/revisions\/8201"}],"up":[{"embeddable":true,"href":"https:\/\/superior-english.com\/en\/wp-json\/wp\/v2\/pages\/580"}],"wp:featuredmedia":[{"embeddable":true,"href":"https:\/\/superior-english.com\/en\/wp-json\/wp\/v2\/media\/5347"}],"wp:attachment":[{"href":"https:\/\/superior-english.com\/en\/wp-json\/wp\/v2\/media?parent=693"}],"wp:term":[{"taxonomy":"post_tag","embeddable":true,"href":"https:\/\/superior-english.com\/en\/wp-json\/wp\/v2\/tags?post=693"}],"curies":[{"name":"wp","href":"https:\/\/api.w.org\/{rel}","templated":true}]}}