{"id":873,"date":"2015-03-05T14:05:04","date_gmt":"2015-03-05T14:05:04","guid":{"rendered":"http:\/\/superior-english.com\/?page_id=873"},"modified":"2023-10-17T09:50:19","modified_gmt":"2023-10-17T09:50:19","slug":"englischlehrer-duesseldorf","status":"publish","type":"page","link":"https:\/\/superior-english.com\/en\/buisness-english-englischkurs-englischlernen\/englischlehrer-duesseldorf\/","title":{"rendered":"Business English Coaching"},"content":{"rendered":"<div class=\"wp-block-columns is-layout-flex wp-container-core-columns-is-layout-9d6595d7 wp-block-columns-is-layout-flex\">\n<div class=\"wp-block-column is-layout-flow wp-block-column-is-layout-flow\" style=\"flex-basis:100%\">\n\n\n<h2 class=\"wp-block-heading\">Englisch mal anders lernen in <a href=\"https:\/\/superior-english.com\/englisch-dolmetscher\/\" data-type=\"page\" data-id=\"2\">D\u00fcsseldorf, K\u00f6ln<\/a> oder rein digital<\/h2>\n\n\n\n<h3 class=\"wp-block-heading\"><a href=\"https:\/\/superior-english.com\/englischkurse-fuer-firmen-duesseldorf\/\" data-type=\"page\" data-id=\"63\">Jesse L. Kopp:<\/a> Coach f\u00fcr Business Englisch<\/h3>\n\n\n<div class=\"wp-block-image\">\n<figure class=\"alignright size-medium\"><a href=\"https:\/\/i0.wp.com\/superior-english.com\/wp-content\/uploads\/2020\/01\/DC228BFE-C510-4C03-81F8-1A7CFC42CE11-1.jpg?ssl=1\"><img data-recalc-dims=\"1\" loading=\"lazy\" decoding=\"async\" width=\"300\" height=\"300\" data-attachment-id=\"4395\" data-permalink=\"https:\/\/superior-english.com\/en\/englischkurse-fuer-firmen-duesseldorf\/dc228bfe-c510-4c03-81f8-1a7cfc42ce11-1\/\" data-orig-file=\"https:\/\/i0.wp.com\/superior-english.com\/wp-content\/uploads\/2020\/01\/DC228BFE-C510-4C03-81F8-1A7CFC42CE11-1.jpg?fit=640%2C640&amp;ssl=1\" data-orig-size=\"640,640\" data-comments-opened=\"0\" data-image-meta=\"{&quot;aperture&quot;:&quot;0&quot;,&quot;credit&quot;:&quot;&quot;,&quot;camera&quot;:&quot;&quot;,&quot;caption&quot;:&quot;&quot;,&quot;created_timestamp&quot;:&quot;1579705309&quot;,&quot;copyright&quot;:&quot;&quot;,&quot;focal_length&quot;:&quot;0&quot;,&quot;iso&quot;:&quot;0&quot;,&quot;shutter_speed&quot;:&quot;0&quot;,&quot;title&quot;:&quot;&quot;,&quot;orientation&quot;:&quot;1&quot;}\" data-image-title=\"DC228BFE-C510-4C03-81F8-1A7CFC42CE11-1\" data-image-description=\"\" data-image-caption=\"\" data-medium-file=\"https:\/\/i0.wp.com\/superior-english.com\/wp-content\/uploads\/2020\/01\/DC228BFE-C510-4C03-81F8-1A7CFC42CE11-1.jpg?fit=300%2C300&amp;ssl=1\" data-large-file=\"https:\/\/i0.wp.com\/superior-english.com\/wp-content\/uploads\/2020\/01\/DC228BFE-C510-4C03-81F8-1A7CFC42CE11-1.jpg?fit=640%2C640&amp;ssl=1\" src=\"https:\/\/i0.wp.com\/superior-english.com\/wp-content\/uploads\/2020\/01\/DC228BFE-C510-4C03-81F8-1A7CFC42CE11-1.jpg?resize=300%2C300&#038;ssl=1\" alt=\"\" class=\"wp-image-4395\" srcset=\"https:\/\/i0.wp.com\/superior-english.com\/wp-content\/uploads\/2020\/01\/DC228BFE-C510-4C03-81F8-1A7CFC42CE11-1.jpg?resize=300%2C300&amp;ssl=1 300w, https:\/\/i0.wp.com\/superior-english.com\/wp-content\/uploads\/2020\/01\/DC228BFE-C510-4C03-81F8-1A7CFC42CE11-1.jpg?resize=150%2C150&amp;ssl=1 150w, https:\/\/i0.wp.com\/superior-english.com\/wp-content\/uploads\/2020\/01\/DC228BFE-C510-4C03-81F8-1A7CFC42CE11-1.jpg?resize=75%2C75&amp;ssl=1 75w, https:\/\/i0.wp.com\/superior-english.com\/wp-content\/uploads\/2020\/01\/DC228BFE-C510-4C03-81F8-1A7CFC42CE11-1.jpg?w=640&amp;ssl=1 640w\" sizes=\"auto, (max-width: 300px) 100vw, 300px\" \/><\/a><figcaption class=\"wp-element-caption\">Hi, y&#8217;all!<\/figcaption><\/figure>\n<\/div>\n\n\n<p><strong><em>mit dem Menschen im Fokus, mit Herzlichkeit und Spa\u00df<\/em><\/strong><\/p>\n\n\n\n<blockquote class=\"wp-block-quote is-layout-flow wp-block-quote-is-layout-flow\">\n<p><em>\u201cJesse knows how to get a conversation going in English, even with colleagues who don&#8217;t know each other well. You don\u2019t just get to know the language, but also your colleagues on a deeper level. For me it\u2019s an absolute positive that the focus is not on grammar or vocabulary but on free speaking. I\u2019ve never experienced this in other English courses and it\u2019s an absolute plus for me personally. Of course, we sometimes talk about business, but also current events and more. If vocabulary is missing, we&#8217;ve learned to paraphrase.&nbsp;Jesse&#8217;s a very open person. There\u2019s no teacher-student feeling, which makes conversation easy and enjoyable.&nbsp;Jesse gives you the feeling that perfection isn\u2019t expected, so you go into a lesson without any pressure.&nbsp;Jesse\u2019s also done written translation work for our company, as well as simultaneous interpretation at events with our shareholders.&nbsp;We\u2019d hire him again at any time without hesitation.\u201d<\/em><\/p>\n<\/blockquote>\n\n\n\n<p class=\"has-text-align-right\">&#8211;\u00a0\u00a0\u00a0\u00a0\u00a0\u00a0\u00a0Manuela T., PA and Team Assistant National Express Holding GmbH<\/p>\n\n\n\n<h2 class=\"wp-block-heading\">Englisch mit Leichtigkeit meistern mit dem Profi f\u00fcr <a href=\"https:\/\/superior-english.com\/business-englischlernen-online-digitaler-unterricht\/\" data-type=\"page\" data-id=\"4466\">Business English <\/a><\/h2>\n\n\n\n<p>Es erwartet dich:<\/p>\n\n\n\n<ul class=\"wp-block-list\">\n<li>kein verschulter Unterricht<\/li>\n<\/ul>\n\n\n\n<ul class=\"wp-block-list\">\n<li>aktuelle und lebendige Themen, angepasst an die Bed\u00fcrfnisse der Mitarbeitenden<\/li>\n<\/ul>\n\n\n\n<ul class=\"wp-block-list\">\n<li>die Vermittlung eines native Gef\u00fchls f\u00fcr die englische Sprache<\/li>\n<\/ul>\n\n\n\n<ul class=\"wp-block-list\">\n<li>ein unbefangener, entspannter Lernstil <\/li>\n<\/ul>\n\n\n\n<p><\/p>\n\n\n\n<h2 class=\"wp-block-heading\">Mein Versprechen:<\/h2>\n\n\n\n<p><strong>I'm there wherever you are:<\/strong> English coaching and conversation moderation in-company, at home or online<\/p>\n\n\n\n<p><strong>small talk, big results:<\/strong>&nbsp;overcome your inhibitions and gain self-confidence--and leave your \"Schulenglisch\" in the dust<\/p>\n\n\n\n<p><strong>from your practice, for your practice:<\/strong>&nbsp;the Business English you need, tailored for every industry and profession<\/p>\n\n\n\n<p><strong>flexible scheduling:<\/strong>English that fits seamlessly into your schedule<\/p>\n\n\n\n<p><strong>holistic approach<\/strong>: from conversation coaching to grammar refreshers, we'll fill in the gaps in your skillset in a safe and comfortable setting<\/p>\n\n\n\n<p><strong>Leistungen nach Ma\u00df:<\/strong>&nbsp;Von der Pr\u00fcfungs- und Pr\u00e4sentationsvorbereitung bis hin zu Seminaren und Intensivkursen, werde ich deinen individuellen Bed\u00fcrfnissen gerecht<\/p>\n\n\n\n<p>F\u00fcr einen auf Ihre Bed\u00fcrfnisse als Unternehmen oder Privatperson zugeschnittenen Kostenvoranschlag, nimm einfach Kontakt mit mir auf.<\/p>\n\n\n\n<p><strong>Ich arbeite mit Methode:<\/strong> Um mehr zu erfahren, <a href=\"http:\/\/superior-english.com\/englischunterricht\/methodik\/\">hier <\/a>gerne weiterlesen.<\/p>\n<\/div>\n<\/div>\n\n\n\n<p><\/p>\n\n\n\n<p><\/p>\n\n\n\n<p>&nbsp;<\/p>","protected":false},"excerpt":{"rendered":"<p>Englisch mal anders lernen in D\u00fcsseldorf, K\u00f6ln oder rein digital Jesse L. Kopp: Coach f\u00fcr Business Englisch mit dem Menschen im Fokus, mit Herzlichkeit und Spa\u00df \u201cJesse knows how to get a conversation going in English, even with colleagues who don&#8217;t know each other well. You don\u2019t just get to know the language, but also &hellip; <a href=\"https:\/\/superior-english.com\/en\/buisness-english-englischkurs-englischlernen\/englischlehrer-duesseldorf\/\" class=\"more-link\">Continue reading <span class=\"screen-reader-text\">Business English Coaching<\/span><\/a><\/p>","protected":false},"author":1,"featured_media":0,"parent":580,"menu_order":2,"comment_status":"closed","ping_status":"closed","template":"","meta":{"advanced_seo_description":"Jesse Kopp: leidenschaftlicher Englischlehrer und Sprachcoach in D\u00fcsseldorf und K\u00f6ln seit 2011. Anbieter f\u00fcr Englischunterricht und \u00dcbersetzungen nach Ma\u00df.  ","jetpack_seo_html_title":"","jetpack_seo_noindex":false,"jetpack_post_was_ever_published":false,"footnotes":""},"tags":[604969193,437807,604969205,604969206,604969204,604969207],"class_list":["post-873","page","type-page","status-publish","hentry","tag-business-english","tag-englisch-lernen","tag-englischcoach","tag-englischcoaching-duesseldorf","tag-englischlehrer","tag-englischtrainer-duesseldorf","no-featured-image"],"jetpack_sharing_enabled":false,"jetpack_shortlink":"https:\/\/wp.me\/P1L3QY-e5","jetpack_likes_enabled":true,"_links":{"self":[{"href":"https:\/\/superior-english.com\/en\/wp-json\/wp\/v2\/pages\/873","targetHints":{"allow":["GET"]}}],"collection":[{"href":"https:\/\/superior-english.com\/en\/wp-json\/wp\/v2\/pages"}],"about":[{"href":"https:\/\/superior-english.com\/en\/wp-json\/wp\/v2\/types\/page"}],"author":[{"embeddable":true,"href":"https:\/\/superior-english.com\/en\/wp-json\/wp\/v2\/users\/1"}],"replies":[{"embeddable":true,"href":"https:\/\/superior-english.com\/en\/wp-json\/wp\/v2\/comments?post=873"}],"version-history":[{"count":36,"href":"https:\/\/superior-english.com\/en\/wp-json\/wp\/v2\/pages\/873\/revisions"}],"predecessor-version":[{"id":5713,"href":"https:\/\/superior-english.com\/en\/wp-json\/wp\/v2\/pages\/873\/revisions\/5713"}],"up":[{"embeddable":true,"href":"https:\/\/superior-english.com\/en\/wp-json\/wp\/v2\/pages\/580"}],"wp:attachment":[{"href":"https:\/\/superior-english.com\/en\/wp-json\/wp\/v2\/media?parent=873"}],"wp:term":[{"taxonomy":"post_tag","embeddable":true,"href":"https:\/\/superior-english.com\/en\/wp-json\/wp\/v2\/tags?post=873"}],"curies":[{"name":"wp","href":"https:\/\/api.w.org\/{rel}","templated":true}]}}