{"id":971,"date":"2016-01-05T16:05:19","date_gmt":"2016-01-05T16:05:19","guid":{"rendered":"http:\/\/superior-english.com\/?page_id=971"},"modified":"2021-10-26T11:05:24","modified_gmt":"2021-10-26T11:05:24","slug":"englischunterricht-to-go","status":"publish","type":"page","link":"https:\/\/superior-english.com\/en\/buisness-english-englischkurs-englischlernen\/englischunterricht-to-go\/","title":{"rendered":"English-to-go"},"content":{"rendered":"<h2 class=\" translation-block\">English that gets you going: step by step to learning to success<\/h2>\n<p>Who says learning has to happen at a desk or in a conference room? Believe it or not, a leisurely walk through the woods works just the same. Kinetic learners in particular benefits can benefit from this format. Kill two (or more) birds with one stone: work on your English, burn some calories, maybe even take your dog for a walk.<\/p>\n<p>In a world where we spend so much time on screens, a breath of fresh air is always a good choice. Let's get outside and talk about the things that move you.<\/p>","protected":false},"excerpt":{"rendered":"<p>Englisch, das bewegt: Schritt f\u00fcr Schritt zu Ihrem pers\u00f6nlichen Lernziel Eine gem\u00fctliche Runde durch den Wald macht den Kopf frei: F\u00fcr\u2019s Lernen! Insbesondere der kinetische Lerntyp profitiert von diesem Erfolgsrezept. In unserem von Bildschirmen gepr\u00e4gten Alltag, l\u00e4sst die frische Luft den Geist aufatmen: So entfalten sich ganz nat\u00fcrlich bewegte Gespr\u00e4che.<\/p>","protected":false},"author":1,"featured_media":0,"parent":580,"menu_order":0,"comment_status":"closed","ping_status":"closed","template":"","meta":{"advanced_seo_description":"Jesse Kopp: Der Profi f\u00fcr den \"Englischkurs mal anders\" in D\u00fcsseldorf - endlich Englischlernen beim Spaziergang und Bewegen.","jetpack_seo_html_title":"","jetpack_seo_noindex":false,"jetpack_post_was_ever_published":false,"footnotes":""},"tags":[],"class_list":["post-971","page","type-page","status-publish","hentry","no-featured-image"],"jetpack_sharing_enabled":true,"jetpack_shortlink":"https:\/\/wp.me\/P1L3QY-fF","jetpack_likes_enabled":true,"_links":{"self":[{"href":"https:\/\/superior-english.com\/en\/wp-json\/wp\/v2\/pages\/971","targetHints":{"allow":["GET"]}}],"collection":[{"href":"https:\/\/superior-english.com\/en\/wp-json\/wp\/v2\/pages"}],"about":[{"href":"https:\/\/superior-english.com\/en\/wp-json\/wp\/v2\/types\/page"}],"author":[{"embeddable":true,"href":"https:\/\/superior-english.com\/en\/wp-json\/wp\/v2\/users\/1"}],"replies":[{"embeddable":true,"href":"https:\/\/superior-english.com\/en\/wp-json\/wp\/v2\/comments?post=971"}],"version-history":[{"count":20,"href":"https:\/\/superior-english.com\/en\/wp-json\/wp\/v2\/pages\/971\/revisions"}],"predecessor-version":[{"id":4970,"href":"https:\/\/superior-english.com\/en\/wp-json\/wp\/v2\/pages\/971\/revisions\/4970"}],"up":[{"embeddable":true,"href":"https:\/\/superior-english.com\/en\/wp-json\/wp\/v2\/pages\/580"}],"wp:attachment":[{"href":"https:\/\/superior-english.com\/en\/wp-json\/wp\/v2\/media?parent=971"}],"wp:term":[{"taxonomy":"post_tag","embeddable":true,"href":"https:\/\/superior-english.com\/en\/wp-json\/wp\/v2\/tags?post=971"}],"curies":[{"name":"wp","href":"https:\/\/api.w.org\/{rel}","templated":true}]}}