{"id":975,"date":"2016-01-05T16:10:21","date_gmt":"2016-01-05T16:10:21","guid":{"rendered":"http:\/\/superior-english.com\/?page_id=975"},"modified":"2022-10-14T11:28:49","modified_gmt":"2022-10-14T11:28:49","slug":"literaturkus-englisch-englischlernen","status":"publish","type":"page","link":"https:\/\/superior-english.com\/en\/buisness-english-englischkurs-englischlernen\/literaturkus-englisch-englischlernen\/","title":{"rendered":"Englischer Buchklub"},"content":{"rendered":"<h1><img data-recalc-dims=\"1\" loading=\"lazy\" decoding=\"async\" data-attachment-id=\"1002\" data-permalink=\"https:\/\/superior-english.com\/en\/buisness-english-englischkurs-englischlernen\/literaturkus-englisch-englischlernen\/img_9725\/\" data-orig-file=\"https:\/\/i0.wp.com\/superior-english.com\/wp-content\/uploads\/2016\/01\/img_9725.jpg?fit=2447%2C2447&amp;ssl=1\" data-orig-size=\"2447,2447\" data-comments-opened=\"0\" data-image-meta=\"{&quot;aperture&quot;:&quot;2.2&quot;,&quot;credit&quot;:&quot;&quot;,&quot;camera&quot;:&quot;iPhone 5s&quot;,&quot;caption&quot;:&quot;&quot;,&quot;created_timestamp&quot;:&quot;1452173094&quot;,&quot;copyright&quot;:&quot;&quot;,&quot;focal_length&quot;:&quot;4.15&quot;,&quot;iso&quot;:&quot;320&quot;,&quot;shutter_speed&quot;:&quot;0.03030303030303&quot;,&quot;title&quot;:&quot;&quot;,&quot;orientation&quot;:&quot;1&quot;,&quot;latitude&quot;:&quot;51.195058333333&quot;,&quot;longitude&quot;:&quot;6.6859555555556&quot;}\" data-image-title=\"IMG_9725\" data-image-description=\"\" data-image-caption=\"\" data-large-file=\"https:\/\/i0.wp.com\/superior-english.com\/wp-content\/uploads\/2016\/01\/img_9725.jpg?fit=712%2C712&amp;ssl=1\" class=\"size-medium wp-image-1002 alignright\" src=\"https:\/\/i0.wp.com\/superior-english.com\/wp-content\/uploads\/2016\/01\/img_9725.jpg?resize=300%2C300&#038;ssl=1\" alt=\"IMG_9725\" width=\"300\" height=\"300\">Englischsprachige Literatur entdecken mit dem Native Speaker in D\u00fcsseldorf und Umgebung<\/h1>\n<p>Im kleinen Lesekreis in die spannende Welt der amerikanischen Literatur eintauchen: Unter muttersprachlicher Begleitung liest du zwischen den Zeilen und lernst Spannendes \u00fcber die gr\u00f6\u00dften Autoren und Literaten des amerikanischen Kanons kennen. Du bestimmst wo die Reise uns hinf\u00fchrt: Ob Roman oder Kurzgeschichte, von Faulkner, Hawthorne und Poe bis hin zu den Werken von Hurston, Baldwin, Wright und Miller&#8211;die M\u00f6glichkeiten sind unbegrenzt.<\/p>\n<h2>English Book Club D\u00fcsseldorf<\/h2>\n<p>Gr\u00fcnden mit Freunden, Verwandten oder Kollegen deinen eigenen Lesekreis f\u00fcr englischsprachige Literatur oder lasse dich auf die Warteliste setzen. Preise <strong>ab 20,00\u20ac &#8211; 25,00\u20ac zzgl. USt.<\/strong> pro Teilnehmer (min. 4 Teilnehmer pro Gruppe).<\/p>","protected":false},"excerpt":{"rendered":"<p>Englischsprachige Literatur entdecken mit dem Native Speaker in D\u00fcsseldorf und Umgebung Im kleinen Lesekreis in die spannende Welt der amerikanischen Literatur eintauchen: Unter muttersprachlicher Begleitung liest du zwischen den Zeilen und lernst Spannendes \u00fcber die gr\u00f6\u00dften Autoren und Literaten des amerikanischen Kanons kennen. Du bestimmst wo die Reise uns hinf\u00fchrt: Ob Roman oder Kurzgeschichte, von &hellip; <a href=\"https:\/\/superior-english.com\/en\/buisness-english-englischkurs-englischlernen\/literaturkus-englisch-englischlernen\/\" class=\"more-link\">Continue reading <span class=\"screen-reader-text\">Englischer Buchklub<\/span><\/a><\/p>","protected":false},"author":1,"featured_media":0,"parent":580,"menu_order":0,"comment_status":"closed","ping_status":"closed","template":"","meta":{"om_disable_all_campaigns":false,"_monsterinsights_skip_tracking":false,"_monsterinsights_sitenote_active":false,"_monsterinsights_sitenote_note":"","_monsterinsights_sitenote_category":0,"footnotes":""},"tags":[604969203,604969201,604969202],"class_list":["post-975","page","type-page","status-publish","hentry","tag-englische-literatur","tag-english-book-club","tag-english-literature","no-featured-image"],"aioseo_notices":[],"jetpack_sharing_enabled":true,"jetpack_shortlink":"https:\/\/wp.me\/P1L3QY-fJ","jetpack_likes_enabled":true,"_links":{"self":[{"href":"https:\/\/superior-english.com\/en\/wp-json\/wp\/v2\/pages\/975","targetHints":{"allow":["GET"]}}],"collection":[{"href":"https:\/\/superior-english.com\/en\/wp-json\/wp\/v2\/pages"}],"about":[{"href":"https:\/\/superior-english.com\/en\/wp-json\/wp\/v2\/types\/page"}],"author":[{"embeddable":true,"href":"https:\/\/superior-english.com\/en\/wp-json\/wp\/v2\/users\/1"}],"replies":[{"embeddable":true,"href":"https:\/\/superior-english.com\/en\/wp-json\/wp\/v2\/comments?post=975"}],"version-history":[{"count":25,"href":"https:\/\/superior-english.com\/en\/wp-json\/wp\/v2\/pages\/975\/revisions"}],"predecessor-version":[{"id":4968,"href":"https:\/\/superior-english.com\/en\/wp-json\/wp\/v2\/pages\/975\/revisions\/4968"}],"up":[{"embeddable":true,"href":"https:\/\/superior-english.com\/en\/wp-json\/wp\/v2\/pages\/580"}],"wp:attachment":[{"href":"https:\/\/superior-english.com\/en\/wp-json\/wp\/v2\/media?parent=975"}],"wp:term":[{"taxonomy":"post_tag","embeddable":true,"href":"https:\/\/superior-english.com\/en\/wp-json\/wp\/v2\/tags?post=975"}],"curies":[{"name":"wp","href":"https:\/\/api.w.org\/{rel}","templated":true}]}}